{"id":559,"date":"2024-09-18T20:46:42","date_gmt":"2024-09-18T18:46:42","guid":{"rendered":"https:\/\/plast.org.pl\/pl\/?page_id=559"},"modified":"2024-10-14T11:58:48","modified_gmt":"2024-10-14T09:58:48","slug":"for-scouts-bylaws","status":"publish","type":"page","link":"https:\/\/plast.org.pl\/pl\/for-scouts-bylaws\/","title":{"rendered":"Ustawy"},"content":{"rendered":"\n<p>Strona w budowie.<\/p>\n\n\n\n<p>Aktualne ustawy i regulaminy w j\u0119zyku Ukrai\u0144skim s\u0105 dost\u0119pne tutaj &#8211; <a href=\"https:\/\/plast.global\/kodeks-plastovyh-pravylnykiv\/\">https:\/\/plast.global\/kodeks-plastovyh-pravylnykiv\/ <\/a><\/p>\n","protected":false},"excerpt":{"rendered":"<p>Strona w budowie. Aktualne ustawy i regulaminy w j\u0119zyku Ukrai\u0144skim s\u0105 dost\u0119pne tutaj &#8211; https:\/\/plast.global\/kodeks-plastovyh-pravylnykiv\/<\/p>\n","protected":false},"author":9,"featured_media":0,"parent":0,"menu_order":0,"comment_status":"closed","ping_status":"closed","template":"","meta":{"ngg_post_thumbnail":0,"footnotes":""},"class_list":["post-559","page","type-page","status-publish","hentry"],"rttpg_featured_image_url":null,"rttpg_author":{"display_name":"madmax","author_link":"https:\/\/plast.org.pl\/pl\/author\/madmax\/"},"rttpg_comment":0,"rttpg_category":null,"rttpg_excerpt":"Strona w budowie. Aktualne ustawy i regulaminy w j\u0119zyku Ukrai\u0144skim s\u0105 dost\u0119pne tutaj &#8211; https:\/\/plast.global\/kodeks-plastovyh-pravylnykiv\/","_links":{"self":[{"href":"https:\/\/plast.org.pl\/pl\/wp-json\/wp\/v2\/pages\/559","targetHints":{"allow":["GET"]}}],"collection":[{"href":"https:\/\/plast.org.pl\/pl\/wp-json\/wp\/v2\/pages"}],"about":[{"href":"https:\/\/plast.org.pl\/pl\/wp-json\/wp\/v2\/types\/page"}],"author":[{"embeddable":true,"href":"https:\/\/plast.org.pl\/pl\/wp-json\/wp\/v2\/users\/9"}],"replies":[{"embeddable":true,"href":"https:\/\/plast.org.pl\/pl\/wp-json\/wp\/v2\/comments?post=559"}],"version-history":[{"count":2,"href":"https:\/\/plast.org.pl\/pl\/wp-json\/wp\/v2\/pages\/559\/revisions"}],"predecessor-version":[{"id":652,"href":"https:\/\/plast.org.pl\/pl\/wp-json\/wp\/v2\/pages\/559\/revisions\/652"}],"wp:attachment":[{"href":"https:\/\/plast.org.pl\/pl\/wp-json\/wp\/v2\/media?parent=559"}],"curies":[{"name":"wp","href":"https:\/\/api.w.org\/{rel}","templated":true}]}}