{"id":557,"date":"2024-09-18T20:45:08","date_gmt":"2024-09-18T18:45:08","guid":{"rendered":"https:\/\/plast.org.pl\/pl\/?page_id=557"},"modified":"2024-10-14T12:07:30","modified_gmt":"2024-10-14T10:07:30","slug":"for-scouts-documents","status":"publish","type":"page","link":"https:\/\/plast.org.pl\/pl\/for-scouts-documents\/","title":{"rendered":"Dokumenty organizacji"},"content":{"rendered":"\n<p>Strona w procesie budowy. Tutaj znajdziesz:<\/p>\n\n\n\n<ul class=\"wp-block-list\">\n<li>formy raport\u00f3w<\/li>\n\n\n\n<li>statut organizacji<\/li>\n\n\n\n<li>decyzje KPS i KPR<\/li>\n<\/ul>\n\n\n\n<p>Obecnie, za t\u0105 informacj\u0105 prosimy kierowa\u0107 si\u0119 do KPS.<\/p>\n","protected":false},"excerpt":{"rendered":"<p>Strona w procesie budowy. Tutaj znajdziesz: Obecnie, za t\u0105 informacj\u0105 prosimy kierowa\u0107 si\u0119 do KPS.<\/p>\n","protected":false},"author":9,"featured_media":0,"parent":0,"menu_order":0,"comment_status":"closed","ping_status":"closed","template":"","meta":{"ngg_post_thumbnail":0,"footnotes":""},"class_list":["post-557","page","type-page","status-publish","hentry"],"rttpg_featured_image_url":null,"rttpg_author":{"display_name":"madmax","author_link":"https:\/\/plast.org.pl\/pl\/author\/madmax\/"},"rttpg_comment":0,"rttpg_category":null,"rttpg_excerpt":"Strona w procesie budowy. Tutaj znajdziesz: Obecnie, za t\u0105 informacj\u0105 prosimy kierowa\u0107 si\u0119 do KPS.","_links":{"self":[{"href":"https:\/\/plast.org.pl\/pl\/wp-json\/wp\/v2\/pages\/557","targetHints":{"allow":["GET"]}}],"collection":[{"href":"https:\/\/plast.org.pl\/pl\/wp-json\/wp\/v2\/pages"}],"about":[{"href":"https:\/\/plast.org.pl\/pl\/wp-json\/wp\/v2\/types\/page"}],"author":[{"embeddable":true,"href":"https:\/\/plast.org.pl\/pl\/wp-json\/wp\/v2\/users\/9"}],"replies":[{"embeddable":true,"href":"https:\/\/plast.org.pl\/pl\/wp-json\/wp\/v2\/comments?post=557"}],"version-history":[{"count":2,"href":"https:\/\/plast.org.pl\/pl\/wp-json\/wp\/v2\/pages\/557\/revisions"}],"predecessor-version":[{"id":654,"href":"https:\/\/plast.org.pl\/pl\/wp-json\/wp\/v2\/pages\/557\/revisions\/654"}],"wp:attachment":[{"href":"https:\/\/plast.org.pl\/pl\/wp-json\/wp\/v2\/media?parent=557"}],"curies":[{"name":"wp","href":"https:\/\/api.w.org\/{rel}","templated":true}]}}