{"id":551,"date":"2024-09-18T20:28:37","date_gmt":"2024-09-18T18:28:37","guid":{"rendered":"https:\/\/plast.org.pl\/pl\/?page_id=551"},"modified":"2024-10-14T11:47:23","modified_gmt":"2024-10-14T09:47:23","slug":"join-us-adults","status":"publish","type":"page","link":"https:\/\/plast.org.pl\/pl\/join-us-adults\/","title":{"rendered":"Starsi p\u0142astuni i seniorzy"},"content":{"rendered":"\n<div class=\"wp-block-cover alignfull is-light\"><span aria-hidden=\"true\" class=\"wp-block-cover__background has-background-dim\" style=\"background-color:#ada18e\"><\/span><img fetchpriority=\"high\" decoding=\"async\" width=\"1024\" height=\"768\" class=\"wp-block-cover__image-background wp-image-647\" alt=\"\" src=\"https:\/\/plast.org.pl\/pl\/wp-content\/uploads\/sites\/4\/2024\/10\/adults_xwwtcf.jpg\" style=\"object-position:48% 31%\" data-object-fit=\"cover\" data-object-position=\"48% 31%\" srcset=\"https:\/\/plast.org.pl\/pl\/wp-content\/uploads\/sites\/4\/2024\/10\/adults_xwwtcf.jpg 1024w, https:\/\/plast.org.pl\/pl\/wp-content\/uploads\/sites\/4\/2024\/10\/adults_xwwtcf-300x225.jpg 300w, https:\/\/plast.org.pl\/pl\/wp-content\/uploads\/sites\/4\/2024\/10\/adults_xwwtcf-768x576.jpg 768w, https:\/\/plast.org.pl\/pl\/wp-content\/uploads\/sites\/4\/2024\/10\/adults_xwwtcf-600x450.jpg 600w\" sizes=\"(max-width: 1024px) 100vw, 1024px\" \/><div class=\"wp-block-cover__inner-container is-layout-constrained wp-block-cover-is-layout-constrained\">\n<p class=\"has-text-align-center has-white-color has-text-color has-link-color has-large-font-size wp-elements-d8607d98e708d7dd6cfaba54c60c10e8\"><strong>Starsi p\u0142astuni i seniorzy<\/strong><\/p>\n<\/div><\/div>\n\n\n\n<h3 class=\"wp-block-heading\">18+<\/h3>\n\n\n\n<p>Doro\u015bli cz\u0142onkowie P\u0142astu s\u0105 fundamentem organizacji. Dzi\u0119ki nim rozwijamy nasz\u0105 dzia\u0142alno\u015b\u0107. Ka\u017cdy ma tutaj mo\u017cliwo\u015b\u0107 realizacji ciekawych projekt\u00f3w, kt\u00f3re wymagaj\u0105 konkretnych umiej\u0119tno\u015bci i predyspozycji. To w\u0142a\u015bnie doro\u015bli cz\u0142onkowie P\u0142astu w najwi\u0119kszym stopniu stwarzaj\u0105 p\u0142astowe \u015brodowisko, kt\u00f3re jest warto\u015bciowe zar\u00f3wno dla doros\u0142ych, jak i dzieci i m\u0142odzie\u017cy.<\/p>\n\n\n\n<p>Doros\u0142e cz\u0142onkostwo w P\u0142a\u015bcie to przede wszystkim mo\u017cliwo\u015b\u0107 spotkania i rozpocz\u0119cia wsp\u00f3\u0142pracy z ciekawymi lud\u017ami, daje tak\u017ce du\u017co satysfakcji. Nie trzeba trzeba p\u0142astowa\u0107 w dzieci\u0144stwie czy junactwie, aby cieszy\u0107 si\u0119 magi\u0105 P\u0142astu w doros\u0142ym wieku.<\/p>\n\n\n\n<p>Doro\u015bli cz\u0142onkowie mog\u0105 by\u0107 wolontariuszami i rozwija\u0107 si\u0119 w P\u0142a\u015bcie w kilku kierunkach:<\/p>\n\n\n\n<ul class=\"wp-block-list\">\n<li><strong>Zaj\u0119cia z dzie\u0107mi i m\u0142odzie\u017c\u0105\u00a0<\/strong>\u00a0\u2013\u00a0wcielenie si\u0119 w rol\u0119 wychownyka grupy nowak\u00f3w (7-11 lat) albo grupy junak\u00f3w (12-17 lat). Rola wychownyka polega na prowadzeniu regularnych (raz na 1-2 tygodnie) spotka\u0144 ze swoimi podopiecznymi, a tak\u017ce organizacja razem z nimi ciekawych akcji i w\u0119dr\u00f3wek. Aby zosta\u0107 p\u0142astowym wychownykiem, trzeba przej\u015b\u0107 specjalne szkolenie. Wychownyk powinien by\u0107 gotowy do intensywnej pracy nad sob\u0105, bo nic tak nie mobilizuje, jak m\u0142ode oczy, kt\u00f3re obserwuj\u0105 nas i bior\u0105 z nas przyk\u0142ad \ud83d\ude42<\/li>\n\n\n\n<li><strong>Instruktorstwo\u00a0<\/strong>\u00a0\u2013\u00a0instruktorzy ucz\u0105 p\u0142astun\u00f3w wa\u017cnych umiej\u0119tno\u015bci. S\u0105 pewne podstawowe umiej\u0119tno\u015bci, kt\u00f3re powinien posiada\u0107 ka\u017cdy p\u0142astun (na przyk\u0142ad umiej\u0119tno\u015b\u0107 udzielenia pierwszej medycznej pomocy, umiej\u0119tno\u015b\u0107 kartografii, pionierki, gotowania w polowych warunkach itd.), ale tak\u017ce czas od czasu maj\u0105 miejsce szkolenia z konkretnej specjalizacji (na przyk\u0142ad fotografia, wspinaczka g\u00f3rska, etnografia i du\u017co innych). Instruktorem mo\u017cesz zosta\u0107, je\u015bli jeste\u015b w czym\u015b profesjonalist\u0105, albo je\u015bli przejawiasz osobiste zainteresowanie jak\u0105\u015b dziedzin\u0105 i chcesz podzieli\u0107 si\u0119 wiedz\u0105 i umiej\u0119tno\u015bciami z innymi.<\/li>\n\n\n\n<li><strong>Pomoc przy dzia\u0142alno\u015bci administracyjnej\u00a0<\/strong>\u00a0\u2013\u00a0w P\u0142a\u015bcie zawsze potrzebni s\u0105 wolontariusze, kt\u00f3rzy s\u0105 gotowi dzia\u0142a\u0107 lub konsultowa\u0107 konsultowa\u0107 cz\u0142onk\u00f3w P\u0142astu w takich dziedzinach jak: grafika i design, redagowanie tekst\u00f3w, opracowywanie metodycznych materia\u0142\u00f3w, fotografia, foundrising, ksi\u0119gowo\u015b\u0107, finanse, social media, management wolontariuszy, nadzorowanie p\u0142astowej strony itd.<\/li>\n\n\n\n<li><strong>Organizacja p\u0142astowych akcji i oboz\u00f3w\u00a0<\/strong>\u00a0\u2013\u00a0co roku P\u0142ast organizuje dwa obozy i r\u00f3\u017cne kilkudniowe mniejsze akcje, jakie trzeba zaplanowa\u0107, przeprowadzi\u0107 i przygotowa\u0107 z nich sprawozdanie.<\/li>\n<\/ul>\n\n\n\n<p>Doro\u015bli cz\u0142onkowie dziel\u0105 si\u0119 na dwa u\u0142ady (wiekowe kategorie)<\/p>\n\n\n\n<ul class=\"wp-block-list\">\n<li>\u2013\u00a0\u00a0starsi p\u0142astuni, kt\u00f3rzy nosz\u0105 chust\u0119 koloru zielonego;<\/li>\n\n\n\n<li>\u2013\u00a0\u00a0p\u0142astuni seniorzy \u2013 z br\u0105zowymi chustami.<\/li>\n<\/ul>\n\n\n\n<p>Aby do\u0142\u0105czy\u0107 do P\u0142astu nale\u017cy przyj\u015b\u0107 na p\u0142astowe wydarzenie, zapozna\u0107 si\u0119 z nami i po pewnym czasie otrzymasz has\u0142o do ankiety rejestracji do P\u0142astu.<\/p>\n","protected":false},"excerpt":{"rendered":"<p>18+ Doro\u015bli cz\u0142onkowie P\u0142astu s\u0105 fundamentem organizacji. Dzi\u0119ki nim rozwijamy nasz\u0105 dzia\u0142alno\u015b\u0107. Ka\u017cdy ma tutaj mo\u017cliwo\u015b\u0107 realizacji ciekawych projekt\u00f3w, kt\u00f3re wymagaj\u0105 konkretnych umiej\u0119tno\u015bci i predyspozycji. To w\u0142a\u015bnie doro\u015bli cz\u0142onkowie P\u0142astu w najwi\u0119kszym stopniu stwarzaj\u0105 p\u0142astowe \u015brodowisko, kt\u00f3re jest warto\u015bciowe zar\u00f3wno dla doros\u0142ych, jak i dzieci i m\u0142odzie\u017cy. Doros\u0142e cz\u0142onkostwo w P\u0142a\u015bcie to przede wszystkim mo\u017cliwo\u015b\u0107 [&hellip;]<\/p>\n","protected":false},"author":9,"featured_media":0,"parent":0,"menu_order":0,"comment_status":"closed","ping_status":"closed","template":"","meta":{"ngg_post_thumbnail":0,"footnotes":""},"class_list":["post-551","page","type-page","status-publish","hentry"],"rttpg_featured_image_url":null,"rttpg_author":{"display_name":"madmax","author_link":"https:\/\/plast.org.pl\/pl\/author\/madmax\/"},"rttpg_comment":0,"rttpg_category":null,"rttpg_excerpt":"18+ Doro\u015bli cz\u0142onkowie P\u0142astu s\u0105 fundamentem organizacji. Dzi\u0119ki nim rozwijamy nasz\u0105 dzia\u0142alno\u015b\u0107. Ka\u017cdy ma tutaj mo\u017cliwo\u015b\u0107 realizacji ciekawych projekt\u00f3w, kt\u00f3re wymagaj\u0105 konkretnych umiej\u0119tno\u015bci i predyspozycji. To w\u0142a\u015bnie doro\u015bli cz\u0142onkowie P\u0142astu w najwi\u0119kszym stopniu stwarzaj\u0105 p\u0142astowe \u015brodowisko, kt\u00f3re jest warto\u015bciowe zar\u00f3wno dla doros\u0142ych, jak i dzieci i m\u0142odzie\u017cy. Doros\u0142e cz\u0142onkostwo w P\u0142a\u015bcie to przede wszystkim mo\u017cliwo\u015b\u0107&hellip;","_links":{"self":[{"href":"https:\/\/plast.org.pl\/pl\/wp-json\/wp\/v2\/pages\/551","targetHints":{"allow":["GET"]}}],"collection":[{"href":"https:\/\/plast.org.pl\/pl\/wp-json\/wp\/v2\/pages"}],"about":[{"href":"https:\/\/plast.org.pl\/pl\/wp-json\/wp\/v2\/types\/page"}],"author":[{"embeddable":true,"href":"https:\/\/plast.org.pl\/pl\/wp-json\/wp\/v2\/users\/9"}],"replies":[{"embeddable":true,"href":"https:\/\/plast.org.pl\/pl\/wp-json\/wp\/v2\/comments?post=551"}],"version-history":[{"count":3,"href":"https:\/\/plast.org.pl\/pl\/wp-json\/wp\/v2\/pages\/551\/revisions"}],"predecessor-version":[{"id":649,"href":"https:\/\/plast.org.pl\/pl\/wp-json\/wp\/v2\/pages\/551\/revisions\/649"}],"wp:attachment":[{"href":"https:\/\/plast.org.pl\/pl\/wp-json\/wp\/v2\/media?parent=551"}],"curies":[{"name":"wp","href":"https:\/\/api.w.org\/{rel}","templated":true}]}}