{"id":549,"date":"2024-09-18T20:22:43","date_gmt":"2024-09-18T18:22:43","guid":{"rendered":"https:\/\/plast.org.pl\/pl\/?page_id=549"},"modified":"2024-10-14T11:45:22","modified_gmt":"2024-10-14T09:45:22","slug":"join-us-yunaky","status":"publish","type":"page","link":"https:\/\/plast.org.pl\/pl\/join-us-yunaky\/","title":{"rendered":"Junactwo"},"content":{"rendered":"\n<div class=\"wp-block-cover alignfull is-light\"><span aria-hidden=\"true\" class=\"wp-block-cover__background has-background-dim\" style=\"background-color:#FFF\"><\/span><img fetchpriority=\"high\" decoding=\"async\" width=\"2560\" height=\"1709\" class=\"wp-block-cover__image-background wp-image-642\" alt=\"\" src=\"https:\/\/plast.org.pl\/pl\/wp-content\/uploads\/sites\/4\/2024\/10\/yunatstvo_hiusx6-scaled.jpg\" data-object-fit=\"cover\"\/><div class=\"wp-block-cover__inner-container is-layout-constrained wp-block-cover-is-layout-constrained\">\n<p class=\"has-text-align-center has-white-color has-text-color has-link-color wp-elements-63375bd4e4cad53b9afe0b7400ec9c45\" style=\"font-size:48px\">Junactwo<\/p>\n<\/div><\/div>\n\n\n\n<h3 class=\"wp-block-heading\">11 &#8211; 18 lat<\/h3>\n\n\n\n<p>Okres junactwa (11-18 lat) to czas przyg\u00f3d, nowych przyjaci\u00f3\u0142 i wyzwa\u0144. W\u0119dr\u00f3wki, nocowanie w namiotach, ciekawe szkolenia, odwiedzanie i organizowanie p\u0142astowych akcji &#8211; to wszystko sk\u0142ada si\u0119 na czar p\u0142astowania.<\/p>\n\n\n\n<p>P\u0142astowy program w junactwie skupia si\u0119 na pracy zespo\u0142owej, budowaniu umiej\u0119tno\u015bci liderskich, sp\u0119dzaniu czasu po\u015br\u00f3d Natury i podejmowaniu r\u00f3\u017cnych wyzwa\u0144. Na tym etapie p\u0142astowannia wyr\u00f3\u017cniamy trzy \u201epr\u00f3by\u201d. Pr\u00f3by to zbi\u00f3r wiedzy i umiej\u0119tno\u015bci, jakie powinien opanowa\u0107 p\u0142astun czy p\u0142astunka, aby osi\u0105gn\u0105\u0107 wy\u017cszy p\u0142astowy stopie\u0144.<\/p>\n\n\n\n<p>M\u0142odzie\u017c w tym wieku mo\u017ce p\u0142astowa\u0107 w swoim mie\u015bcie, je\u017celi jest tam junacki hurtok, albo te\u017c p\u0142astowa\u0107 zdalnie, czyli regularnie je\u017adzi\u0107 na p\u0142astowe akcje i obozy, aby tam zdobywa\u0107 nowe umiej\u0119tno\u015bci i wiedz\u0119, otrzymywa\u0107 za to odznaki i poznawa\u0107 innych p\u0142astun\u00f3w.<\/p>\n\n\n\n<p>P\u0142astuni junaki czy junaczki grupuj\u0105 si\u0119 w hurtky. Hurtok jest podstawow\u0105 jednostk\u0105 wychowawczej metody w P\u0142a\u015bcie. Ka\u017cdy hurtok ma swoj\u0105 nazw\u0119 i wychownyka. Cz\u0142onkowie hurtka wybieraj\u0105 spo\u015br\u00f3d siebie prowid: hurtkowego, zast\u0119pc\u0119 hurtkowego, pisarza, skarbnika, kronikarza itd. Dwa &#8211; cztery hurtky tworz\u0105 kuri\u0144.<\/p>\n\n\n\n<p>Aby zosta\u0107 p\u0142astunem junakiem lub p\u0142astunk\u0105 junaczk\u0105 trzeba pojecha\u0107 na p\u0142astowy ob\u00f3z, wzi\u0105\u0107 udzia\u0142 w p\u0142astowej akcji albo odwiedzi\u0107 schodyny p\u0142astowego hurtka, gdzie mo\u017cna uzyska\u0107 has\u0142o do ankiety rejestracji.<\/p>\n\n\n\n<p>Junacy nosz\u0105 chust\u0119 koloru malinowego.<\/p>\n","protected":false},"excerpt":{"rendered":"<p>11 &#8211; 18 lat Okres junactwa (11-18 lat) to czas przyg\u00f3d, nowych przyjaci\u00f3\u0142 i wyzwa\u0144. W\u0119dr\u00f3wki, nocowanie w namiotach, ciekawe szkolenia, odwiedzanie i organizowanie p\u0142astowych akcji &#8211; to wszystko sk\u0142ada si\u0119 na czar p\u0142astowania. P\u0142astowy program w junactwie skupia si\u0119 na pracy zespo\u0142owej, budowaniu umiej\u0119tno\u015bci liderskich, sp\u0119dzaniu czasu po\u015br\u00f3d Natury i podejmowaniu r\u00f3\u017cnych wyzwa\u0144. Na [&hellip;]<\/p>\n","protected":false},"author":9,"featured_media":0,"parent":0,"menu_order":0,"comment_status":"closed","ping_status":"closed","template":"","meta":{"ngg_post_thumbnail":0,"footnotes":""},"class_list":["post-549","page","type-page","status-publish","hentry"],"rttpg_featured_image_url":null,"rttpg_author":{"display_name":"madmax","author_link":"https:\/\/plast.org.pl\/pl\/author\/madmax\/"},"rttpg_comment":0,"rttpg_category":null,"rttpg_excerpt":"11 &#8211; 18 lat Okres junactwa (11-18 lat) to czas przyg\u00f3d, nowych przyjaci\u00f3\u0142 i wyzwa\u0144. W\u0119dr\u00f3wki, nocowanie w namiotach, ciekawe szkolenia, odwiedzanie i organizowanie p\u0142astowych akcji &#8211; to wszystko sk\u0142ada si\u0119 na czar p\u0142astowania. P\u0142astowy program w junactwie skupia si\u0119 na pracy zespo\u0142owej, budowaniu umiej\u0119tno\u015bci liderskich, sp\u0119dzaniu czasu po\u015br\u00f3d Natury i podejmowaniu r\u00f3\u017cnych wyzwa\u0144. Na&hellip;","_links":{"self":[{"href":"https:\/\/plast.org.pl\/pl\/wp-json\/wp\/v2\/pages\/549","targetHints":{"allow":["GET"]}}],"collection":[{"href":"https:\/\/plast.org.pl\/pl\/wp-json\/wp\/v2\/pages"}],"about":[{"href":"https:\/\/plast.org.pl\/pl\/wp-json\/wp\/v2\/types\/page"}],"author":[{"embeddable":true,"href":"https:\/\/plast.org.pl\/pl\/wp-json\/wp\/v2\/users\/9"}],"replies":[{"embeddable":true,"href":"https:\/\/plast.org.pl\/pl\/wp-json\/wp\/v2\/comments?post=549"}],"version-history":[{"count":4,"href":"https:\/\/plast.org.pl\/pl\/wp-json\/wp\/v2\/pages\/549\/revisions"}],"predecessor-version":[{"id":646,"href":"https:\/\/plast.org.pl\/pl\/wp-json\/wp\/v2\/pages\/549\/revisions\/646"}],"wp:attachment":[{"href":"https:\/\/plast.org.pl\/pl\/wp-json\/wp\/v2\/media?parent=549"}],"curies":[{"name":"wp","href":"https:\/\/api.w.org\/{rel}","templated":true}]}}