{"id":547,"date":"2024-09-18T20:19:53","date_gmt":"2024-09-18T18:19:53","guid":{"rendered":"https:\/\/plast.org.pl\/pl\/?page_id=547"},"modified":"2024-10-14T11:31:23","modified_gmt":"2024-10-14T09:31:23","slug":"join-us-ptashata","status":"publish","type":"page","link":"https:\/\/plast.org.pl\/pl\/join-us-ptashata\/","title":{"rendered":"Ptaszata"},"content":{"rendered":"\n<div class=\"wp-block-cover alignfull\"><span aria-hidden=\"true\" class=\"wp-block-cover__background has-background-dim\" style=\"background-color:#7b7570\"><\/span><img fetchpriority=\"high\" decoding=\"async\" width=\"2560\" height=\"1700\" class=\"wp-block-cover__image-background wp-image-635\" alt=\"\" src=\"https:\/\/plast.org.pl\/pl\/wp-content\/uploads\/sites\/4\/2024\/10\/ptashata_smwm02-scaled.jpg\" data-object-fit=\"cover\" srcset=\"https:\/\/plast.org.pl\/pl\/wp-content\/uploads\/sites\/4\/2024\/10\/ptashata_smwm02-scaled.jpg 2560w, https:\/\/plast.org.pl\/pl\/wp-content\/uploads\/sites\/4\/2024\/10\/ptashata_smwm02-300x199.jpg 300w, https:\/\/plast.org.pl\/pl\/wp-content\/uploads\/sites\/4\/2024\/10\/ptashata_smwm02-1024x680.jpg 1024w, https:\/\/plast.org.pl\/pl\/wp-content\/uploads\/sites\/4\/2024\/10\/ptashata_smwm02-768x510.jpg 768w, https:\/\/plast.org.pl\/pl\/wp-content\/uploads\/sites\/4\/2024\/10\/ptashata_smwm02-1536x1020.jpg 1536w, https:\/\/plast.org.pl\/pl\/wp-content\/uploads\/sites\/4\/2024\/10\/ptashata_smwm02-2048x1360.jpg 2048w, https:\/\/plast.org.pl\/pl\/wp-content\/uploads\/sites\/4\/2024\/10\/ptashata_smwm02-600x399.jpg 600w\" sizes=\"(max-width: 2560px) 100vw, 2560px\" \/><div class=\"wp-block-cover__inner-container is-layout-constrained wp-block-cover-is-layout-constrained\">\n<p class=\"has-text-align-center\" style=\"font-size:48px\">Ptaszata<\/p>\n<\/div><\/div>\n\n\n\n<h3 class=\"wp-block-heading\">2-6 lat<\/h3>\n\n\n\n<p>Dzieci w wieku 2-6 lat nazywamy ptaszatami. ptaszata na p\u0142astowe zaj\u0119cia przychodz\u0105 razem z rodzicami. Ju\u017c od male\u0144kiego, za pomoc\u0105 gry, ucz\u0105 si\u0119 pracy w grupie, rozwijaj\u0105 tw\u00f3rcze umiej\u0119tno\u015bci i pomalutku w\u0142\u0105czaj\u0105 si\u0119 do p\u0142astowego ko\u0142a. Bardzo cz\u0119sto takie spotkania motywuj\u0105 rodzic\u00f3w do wst\u0119powania w \u0142awy P\u0142astu, poniewa\u017c s\u0105 silnie w uczestnictwo swoich dzieci.<\/p>\n\n\n\n<p>Ptaszata nosz\u0105 bia\u0142\u0105 chust\u0119 z ma\u0142ym niebieskim ptaszkiem. Ta wiekowa kategoria zosta\u0142a stworzona w P\u0142a\u015bcie stosunkowo niedawno.<\/p>\n\n\n\n<p>Aby Twoje dziecko zosta\u0142o ptasz\u0105tkiem nale\u017cy wzi\u0105\u0107 udzia\u0142 w zaj\u0119ciach lub obozie ptasz\u0105tek ptasz\u0105tek.<\/p>\n\n\n\n<p><\/p>\n","protected":false},"excerpt":{"rendered":"<p>2-6 lat Dzieci w wieku 2-6 lat nazywamy ptaszatami. ptaszata na p\u0142astowe zaj\u0119cia przychodz\u0105 razem z rodzicami. Ju\u017c od male\u0144kiego, za pomoc\u0105 gry, ucz\u0105 si\u0119 pracy w grupie, rozwijaj\u0105 tw\u00f3rcze umiej\u0119tno\u015bci i pomalutku w\u0142\u0105czaj\u0105 si\u0119 do p\u0142astowego ko\u0142a. Bardzo cz\u0119sto takie spotkania motywuj\u0105 rodzic\u00f3w do wst\u0119powania w \u0142awy P\u0142astu, poniewa\u017c s\u0105 silnie w uczestnictwo swoich [&hellip;]<\/p>\n","protected":false},"author":9,"featured_media":0,"parent":0,"menu_order":0,"comment_status":"closed","ping_status":"closed","template":"","meta":{"ngg_post_thumbnail":0,"footnotes":""},"class_list":["post-547","page","type-page","status-publish","hentry"],"rttpg_featured_image_url":null,"rttpg_author":{"display_name":"madmax","author_link":"https:\/\/plast.org.pl\/pl\/author\/madmax\/"},"rttpg_comment":0,"rttpg_category":null,"rttpg_excerpt":"2-6 lat Dzieci w wieku 2-6 lat nazywamy ptaszatami. ptaszata na p\u0142astowe zaj\u0119cia przychodz\u0105 razem z rodzicami. Ju\u017c od male\u0144kiego, za pomoc\u0105 gry, ucz\u0105 si\u0119 pracy w grupie, rozwijaj\u0105 tw\u00f3rcze umiej\u0119tno\u015bci i pomalutku w\u0142\u0105czaj\u0105 si\u0119 do p\u0142astowego ko\u0142a. Bardzo cz\u0119sto takie spotkania motywuj\u0105 rodzic\u00f3w do wst\u0119powania w \u0142awy P\u0142astu, poniewa\u017c s\u0105 silnie w uczestnictwo swoich&hellip;","_links":{"self":[{"href":"https:\/\/plast.org.pl\/pl\/wp-json\/wp\/v2\/pages\/547","targetHints":{"allow":["GET"]}}],"collection":[{"href":"https:\/\/plast.org.pl\/pl\/wp-json\/wp\/v2\/pages"}],"about":[{"href":"https:\/\/plast.org.pl\/pl\/wp-json\/wp\/v2\/types\/page"}],"author":[{"embeddable":true,"href":"https:\/\/plast.org.pl\/pl\/wp-json\/wp\/v2\/users\/9"}],"replies":[{"embeddable":true,"href":"https:\/\/plast.org.pl\/pl\/wp-json\/wp\/v2\/comments?post=547"}],"version-history":[{"count":3,"href":"https:\/\/plast.org.pl\/pl\/wp-json\/wp\/v2\/pages\/547\/revisions"}],"predecessor-version":[{"id":638,"href":"https:\/\/plast.org.pl\/pl\/wp-json\/wp\/v2\/pages\/547\/revisions\/638"}],"wp:attachment":[{"href":"https:\/\/plast.org.pl\/pl\/wp-json\/wp\/v2\/media?parent=547"}],"curies":[{"name":"wp","href":"https:\/\/api.w.org\/{rel}","templated":true}]}}