{"id":545,"date":"2024-09-18T20:17:33","date_gmt":"2024-09-18T18:17:33","guid":{"rendered":"https:\/\/plast.org.pl\/pl\/?page_id=545"},"modified":"2024-10-14T11:36:06","modified_gmt":"2024-10-14T09:36:06","slug":"join-us-novaky","status":"publish","type":"page","link":"https:\/\/plast.org.pl\/pl\/join-us-novaky\/","title":{"rendered":"Nowactwo"},"content":{"rendered":"\n<div class=\"wp-block-cover alignfull\"><span aria-hidden=\"true\" class=\"wp-block-cover__background has-background-dim\" style=\"background-color:#615144\"><\/span><img fetchpriority=\"high\" decoding=\"async\" width=\"2560\" height=\"1701\" class=\"wp-block-cover__image-background wp-image-639\" alt=\"\" src=\"https:\/\/plast.org.pl\/pl\/wp-content\/uploads\/sites\/4\/2024\/10\/novatstvo_kpnovl-scaled.jpg\" style=\"object-position:50% 32%\" data-object-fit=\"cover\" data-object-position=\"50% 32%\" srcset=\"https:\/\/plast.org.pl\/pl\/wp-content\/uploads\/sites\/4\/2024\/10\/novatstvo_kpnovl-scaled.jpg 2560w, https:\/\/plast.org.pl\/pl\/wp-content\/uploads\/sites\/4\/2024\/10\/novatstvo_kpnovl-300x199.jpg 300w, https:\/\/plast.org.pl\/pl\/wp-content\/uploads\/sites\/4\/2024\/10\/novatstvo_kpnovl-1024x680.jpg 1024w, https:\/\/plast.org.pl\/pl\/wp-content\/uploads\/sites\/4\/2024\/10\/novatstvo_kpnovl-768x510.jpg 768w, https:\/\/plast.org.pl\/pl\/wp-content\/uploads\/sites\/4\/2024\/10\/novatstvo_kpnovl-1536x1021.jpg 1536w, https:\/\/plast.org.pl\/pl\/wp-content\/uploads\/sites\/4\/2024\/10\/novatstvo_kpnovl-2048x1361.jpg 2048w, https:\/\/plast.org.pl\/pl\/wp-content\/uploads\/sites\/4\/2024\/10\/novatstvo_kpnovl-600x399.jpg 600w\" sizes=\"(max-width: 2560px) 100vw, 2560px\" \/><div class=\"wp-block-cover__inner-container is-layout-constrained wp-block-cover-is-layout-constrained\">\n<p class=\"has-text-align-center\" style=\"font-size:48px\">Nowactwo<\/p>\n<\/div><\/div>\n\n\n\n<h3 class=\"wp-block-heading\">6 &#8211; 11 lat<\/h3>\n\n\n\n<p>P\u0142astunki i p\u0142astun\u00f3w w wieku 7-11 nazywamy nowaczkami i nowakami. Program nowak\u00f3w jest skupiony na grach, opowie\u015bciach, kreatywnych zaj\u0119ciach, kt\u00f3re maj\u0105 miejsce na tak zwanych schodynach, czyli regularnych spotkaniach p\u0142astun\u00f3w. Bawi\u0105c si\u0119, dzieci zdobywaj\u0105 nowe umiej\u0119tno\u015bci, ucz\u0105 si\u0119 pracy w grupie, podejmuj\u0105 si\u0119 ciekawych zada\u0144, kt\u00f3re rozwijaj\u0105 u nich poczucie odpowiedzialno\u015bci i zaradno\u015bci samowystarczalno\u015bci.<\/p>\n\n\n\n<p>Nowaki i nowaczki tworz\u0105 r\u00f3j, czyli p\u0142astow\u0105 grup\u0119, kt\u00f3ra ma swoj\u0105 nazw\u0119 i symbol. Schodyny roju prowadzi wychownyk, kt\u00f3ry jest nazywany bratczykiem albo sestryczk\u0105.<\/p>\n\n\n\n<p>Kolorem nowak\u00f3w jest kolor \u017c\u00f3\u0142ty i w\u0142a\u015bnie w takim kolorze jest nowacka chusta.<\/p>\n\n\n\n<p>Aby do\u0142\u0105czy\u0107 do P\u0142astu w tym wieku nale\u017cy wzi\u0105\u0107 udzia\u0142 w zaj\u0119ciach lub w obozie nowackim, gdzie mo\u017cna uzyska\u0107 has\u0142o do ankiety rejestracji.<\/p>\n","protected":false},"excerpt":{"rendered":"<p>6 &#8211; 11 lat P\u0142astunki i p\u0142astun\u00f3w w wieku 7-11 nazywamy nowaczkami i nowakami. Program nowak\u00f3w jest skupiony na grach, opowie\u015bciach, kreatywnych zaj\u0119ciach, kt\u00f3re maj\u0105 miejsce na tak zwanych schodynach, czyli regularnych spotkaniach p\u0142astun\u00f3w. Bawi\u0105c si\u0119, dzieci zdobywaj\u0105 nowe umiej\u0119tno\u015bci, ucz\u0105 si\u0119 pracy w grupie, podejmuj\u0105 si\u0119 ciekawych zada\u0144, kt\u00f3re rozwijaj\u0105 u nich poczucie odpowiedzialno\u015bci [&hellip;]<\/p>\n","protected":false},"author":9,"featured_media":0,"parent":0,"menu_order":0,"comment_status":"closed","ping_status":"closed","template":"","meta":{"ngg_post_thumbnail":0,"footnotes":""},"class_list":["post-545","page","type-page","status-publish","hentry"],"rttpg_featured_image_url":null,"rttpg_author":{"display_name":"madmax","author_link":"https:\/\/plast.org.pl\/pl\/author\/madmax\/"},"rttpg_comment":0,"rttpg_category":null,"rttpg_excerpt":"6 &#8211; 11 lat P\u0142astunki i p\u0142astun\u00f3w w wieku 7-11 nazywamy nowaczkami i nowakami. Program nowak\u00f3w jest skupiony na grach, opowie\u015bciach, kreatywnych zaj\u0119ciach, kt\u00f3re maj\u0105 miejsce na tak zwanych schodynach, czyli regularnych spotkaniach p\u0142astun\u00f3w. Bawi\u0105c si\u0119, dzieci zdobywaj\u0105 nowe umiej\u0119tno\u015bci, ucz\u0105 si\u0119 pracy w grupie, podejmuj\u0105 si\u0119 ciekawych zada\u0144, kt\u00f3re rozwijaj\u0105 u nich poczucie odpowiedzialno\u015bci&hellip;","_links":{"self":[{"href":"https:\/\/plast.org.pl\/pl\/wp-json\/wp\/v2\/pages\/545","targetHints":{"allow":["GET"]}}],"collection":[{"href":"https:\/\/plast.org.pl\/pl\/wp-json\/wp\/v2\/pages"}],"about":[{"href":"https:\/\/plast.org.pl\/pl\/wp-json\/wp\/v2\/types\/page"}],"author":[{"embeddable":true,"href":"https:\/\/plast.org.pl\/pl\/wp-json\/wp\/v2\/users\/9"}],"replies":[{"embeddable":true,"href":"https:\/\/plast.org.pl\/pl\/wp-json\/wp\/v2\/comments?post=545"}],"version-history":[{"count":3,"href":"https:\/\/plast.org.pl\/pl\/wp-json\/wp\/v2\/pages\/545\/revisions"}],"predecessor-version":[{"id":641,"href":"https:\/\/plast.org.pl\/pl\/wp-json\/wp\/v2\/pages\/545\/revisions\/641"}],"wp:attachment":[{"href":"https:\/\/plast.org.pl\/pl\/wp-json\/wp\/v2\/media?parent=545"}],"curies":[{"name":"wp","href":"https:\/\/api.w.org\/{rel}","templated":true}]}}