{"id":543,"date":"2024-09-18T20:11:34","date_gmt":"2024-09-18T18:11:34","guid":{"rendered":"https:\/\/plast.org.pl\/pl\/?page_id=543"},"modified":"2024-10-13T21:52:07","modified_gmt":"2024-10-13T19:52:07","slug":"leadership","status":"publish","type":"page","link":"https:\/\/plast.org.pl\/pl\/leadership\/","title":{"rendered":"Zarz\u0105d i struktura"},"content":{"rendered":"\n<div class=\"wp-block-cover alignfull is-light\"><span aria-hidden=\"true\" class=\"wp-block-cover__background has-background-dim\" style=\"background-color:#929b92\"><\/span><img fetchpriority=\"high\" decoding=\"async\" width=\"2560\" height=\"1700\" class=\"wp-block-cover__image-background wp-image-632\" alt=\"\" src=\"https:\/\/plast.org.pl\/pl\/wp-content\/uploads\/sites\/4\/2024\/10\/authority-and-structure_wbtmgf-scaled.jpg\" data-object-fit=\"cover\" srcset=\"https:\/\/plast.org.pl\/pl\/wp-content\/uploads\/sites\/4\/2024\/10\/authority-and-structure_wbtmgf-scaled.jpg 2560w, https:\/\/plast.org.pl\/pl\/wp-content\/uploads\/sites\/4\/2024\/10\/authority-and-structure_wbtmgf-300x199.jpg 300w, https:\/\/plast.org.pl\/pl\/wp-content\/uploads\/sites\/4\/2024\/10\/authority-and-structure_wbtmgf-1024x680.jpg 1024w, https:\/\/plast.org.pl\/pl\/wp-content\/uploads\/sites\/4\/2024\/10\/authority-and-structure_wbtmgf-768x510.jpg 768w, https:\/\/plast.org.pl\/pl\/wp-content\/uploads\/sites\/4\/2024\/10\/authority-and-structure_wbtmgf-1536x1020.jpg 1536w, https:\/\/plast.org.pl\/pl\/wp-content\/uploads\/sites\/4\/2024\/10\/authority-and-structure_wbtmgf-2048x1360.jpg 2048w, https:\/\/plast.org.pl\/pl\/wp-content\/uploads\/sites\/4\/2024\/10\/authority-and-structure_wbtmgf-600x399.jpg 600w\" sizes=\"(max-width: 2560px) 100vw, 2560px\" \/><div class=\"wp-block-cover__inner-container is-layout-constrained wp-block-cover-is-layout-constrained\">\n<p class=\"has-text-align-center has-white-color has-text-color has-link-color wp-elements-687ed866ec1d268411e35b16cc4a5dfd\" style=\"font-size:48px\">Zarz\u0105d i struktura<\/p>\n<\/div><\/div>\n\n\n\n<p><strong>Zarz\u0105d (Krajowa P\u0142astowa Starszyzna)<\/strong><\/p>\n\n\n\n<div class=\"wp-block-group is-vertical is-layout-flex wp-container-core-group-is-layout-fe9cc265 wp-block-group-is-layout-flex\">\n<p>Przewodnicz\u0105cy Zarz\u0105du &#8211; p\u0142. sen. pr. Igor Mryczko, SM<\/p>\n\n\n\n<p>Wiceprzewodnicz\u0105cy Zarz\u0105du &#8211; st. p\u0142. Maksym Repetylo<\/p>\n\n\n\n<p>Sekretarz Zarz\u0105du &#8211; st. p\u0142. Hanna Melnyk, L<\/p>\n\n\n\n<p>Skarbnik &#8211; p\u0142. sen. dow. Pawe\u0142 Hrycyna, SM<\/p>\n\n\n\n<p>Cz\u0142onek Zarz\u0105du (Referent U\u0142adu P\u0142astun\u00f3w Ptaszat) &#8211; st. p\u0142. Yulia Sadova, Rt<\/p>\n\n\n\n<p>Cz\u0142onek Zarz\u0105du (Referent U\u0142adu P\u0142astun\u00f3w Nowak\u00f3w) &#8211; st. &nbsp;p\u0142. Emilia Sokil<\/p>\n\n\n\n<p>Cz\u0142onek Zarz\u0105du (Referent U\u0142adu P\u0142astun\u00f3w Junak\u00f3w) &#8211; p\u0142. sen. pr. Nataliia Karabyn, Burh<\/p>\n\n\n\n<p>&#8211; referent sprawnosci UPJu &#8211; st. p\u0142. wirl. Uljana Savchenko<\/p>\n\n\n\n<p>&#8211; referent 3 proby &#8211; st. p\u0142. skob Stanislav Terletskyy, LCh<\/p>\n\n\n\n<p>Cz\u0142onek Zarz\u0105du (Referent U\u0142adu Starszych P\u0142astun\u00f3w i U\u0142adu P\u0142astun\u00f3w Senior\u00f3w) &#8211; st. p\u0142. wirl. Nataliia Kolesnyk, OD<\/p>\n<\/div>\n\n\n\n<p><strong>Komisja Rewizyjna (Krajowa P\u0142astowa Rada)<\/strong><\/p>\n\n\n\n<div class=\"wp-block-group is-vertical is-layout-flex wp-container-core-group-is-layout-fe9cc265 wp-block-group-is-layout-flex\">\n<p>Przewodnicz\u0105ca Komisji Rewizyjnej &#8211;&nbsp;p\u0142. sen. pr. Khrystyna Chyr, L<\/p>\n\n\n\n<p>Czlonki:<\/p>\n\n\n\n<ul class=\"wp-block-list\">\n<li>p\u0142. sen. dow. Nazar Yavorskyy, OCh<\/li>\n\n\n\n<li>p\u0142. sen. pr. Andriy Herasymenko, SM<\/li>\n\n\n\n<li>st. p\u0142. wirl. Olena Slobodyanyk, SzOK<\/li>\n\n\n\n<li>st. p\u0142. Olena Bodnar-Potopnyk, OD<\/li>\n<\/ul>\n<\/div>\n\n\n\n<h3 class=\"wp-block-heading\">Struktura<\/h3>\n\n\n\n<p>Struktura P\u0142astu obejmuje Krajowy Prowid (W\u0142adze) P\u0142astu, a tak\u017ce p\u0142astowe o\u015brodki i samodzielnych cz\u0142onk\u00f3w P\u0142astu.<\/p>\n\n\n\n<h3 class=\"wp-block-heading\">Krajowy P\u0142astowy Zjazd<\/h3>\n\n\n\n<p>Najwy\u017cszy organ P\u0142astu, kt\u00f3ry jest zwo\u0142ywany co dwa lata. Do kompetencji Zjazdu nale\u017cy wyb\u00f3r cz\u0142onk\u00f3w prowodu P\u0142astu, ocena dzia\u0142alno\u015bci w\u0142adz i udzielenie absolutorium ust\u0119puj\u0105cemu prowodowi. KPZ mo\u017ce podejmowa\u0107 uchwa\u0142y i rekomendacje dla nowo obranych w\u0142adz. Tylko pe\u0142noletni cz\u0142onkowie P\u0142astu w Polsce, kt\u00f3rzy z\u0142o\u017cyli przysi\u0119g\u0119 p\u0142astow\u0105, maj\u0105 prawo do g\u0142osowania na KPZ.<\/p>\n\n\n\n<h3 class=\"wp-block-heading\">Krajowa P\u0142astowa Starszyzna (KPS)<\/h3>\n\n\n\n<p>Jest organem zarz\u0105dzaj\u0105cym i wykonawczym P\u0142astu. Odpowiada za strategi\u0119 rozwoju P\u0142astu, bud\u017cet, dzia\u0142alno\u015b\u0107 organizacji i jej maj\u0105tek. KPS reprezentuje P\u0142ast na zewn\u0105trz.<br>W sk\u0142ad Krajowej P\u0142astowej Starszyny wchodz\u0105:<\/p>\n\n\n\n<ul class=\"wp-block-list\">\n<li>Przewodnicz\u0105cy KPS<\/li>\n\n\n\n<li>Zast\u0119pca przewodnicz\u0105cego<\/li>\n\n\n\n<li>Referenci kategorii wiekowych (u\u0142ad\u00f3w)<\/li>\n\n\n\n<li>Skarbnik KPS<\/li>\n\n\n\n<li>Sekretarz KPS<\/li>\n\n\n\n<li>Inni cz\u0142onkowie, kt\u00f3rych wyznaczy KPZ<\/li>\n<\/ul>\n\n\n\n<p>Krajowa P\u0142astowa Rada (KPR)<\/p>\n\n\n\n<p>Kontrolno-s\u0105dowy organ P\u0142astu. Sprawdza, czy dzia\u0142ania Krajowej P\u0142astowej Starszyny s\u0105 zgodne ze statutem i uchwa\u0142ami KPZ. Przyjmuje sprawozdania KPS i zatwierdza roczny plan dzia\u0142alno\u015bci Starszyzny. Rozpatruje odwo\u0142ania od decyzji KPS, w sprawach nieporozumie\u0144 i na wniosek KPS rozwi\u0105zuje inne konflikty P\u0142astu. Krajowa P\u0142astowa Rada sk\u0142ada si\u0119 z przewodnicz\u0105cego i dw\u00f3ch lub czterech cz\u0142onk\u00f3w.<\/p>\n\n\n\n<h3 class=\"wp-block-heading\"><strong>Stanica<\/strong><\/h3>\n\n\n\n<p>Miejscowa struktura P\u0142astu, zazwyczaj dzia\u0142aj\u0105ca na terytorium jednego miasta. W stanicy gdzie prowadzona jest praca wychowawcza z m\u0142odzie\u017c\u0105, nowakami lub ptasz\u0119tami. Stanica posiada w\u0142asne kierownictwo, kt\u00f3rym jest Prowid Stanicy i Rada Stanicy, wybierane przez Zb\u00f3r Stanicy. Mniejsze stanice, w kt\u00f3rych regularna praca wychowawcza jest prowadzona z mniej ni\u017c dwiema kategoriami wiekowymi, nazywane s\u0105 o\u015brodkami P\u0142astu.<\/p>\n\n\n\n<h3 class=\"wp-block-heading\">Samodzielny p\u0142astun<\/h3>\n\n\n\n<p>P\u0142astun, kt\u00f3ry mieszka w miejscowo\u015bci, w kt\u00f3rej nie ma zorganizowanej stanicy lub o\u015brodka. Natomiast regularnie bierze udzia\u0142 w p\u0142astowych akcjach i obozach.<\/p>\n","protected":false},"excerpt":{"rendered":"<p>Zarz\u0105d (Krajowa P\u0142astowa Starszyzna) Przewodnicz\u0105cy Zarz\u0105du &#8211; p\u0142. sen. pr. Igor Mryczko, SM Wiceprzewodnicz\u0105cy Zarz\u0105du &#8211; st. p\u0142. Maksym Repetylo Sekretarz Zarz\u0105du &#8211; st. p\u0142. Hanna Melnyk, L Skarbnik &#8211; p\u0142. sen. dow. Pawe\u0142 Hrycyna, SM Cz\u0142onek Zarz\u0105du (Referent U\u0142adu P\u0142astun\u00f3w Ptaszat) &#8211; st. p\u0142. Yulia Sadova, Rt Cz\u0142onek Zarz\u0105du (Referent U\u0142adu P\u0142astun\u00f3w Nowak\u00f3w) &#8211; [&hellip;]<\/p>\n","protected":false},"author":9,"featured_media":0,"parent":0,"menu_order":0,"comment_status":"closed","ping_status":"closed","template":"","meta":{"ngg_post_thumbnail":0,"footnotes":""},"class_list":["post-543","page","type-page","status-publish","hentry"],"rttpg_featured_image_url":null,"rttpg_author":{"display_name":"madmax","author_link":"https:\/\/plast.org.pl\/pl\/author\/madmax\/"},"rttpg_comment":0,"rttpg_category":null,"rttpg_excerpt":"Zarz\u0105d (Krajowa P\u0142astowa Starszyzna) Przewodnicz\u0105cy Zarz\u0105du &#8211; p\u0142. sen. pr. Igor Mryczko, SM Wiceprzewodnicz\u0105cy Zarz\u0105du &#8211; st. p\u0142. Maksym Repetylo Sekretarz Zarz\u0105du &#8211; st. p\u0142. Hanna Melnyk, L Skarbnik &#8211; p\u0142. sen. dow. Pawe\u0142 Hrycyna, SM Cz\u0142onek Zarz\u0105du (Referent U\u0142adu P\u0142astun\u00f3w Ptaszat) &#8211; st. p\u0142. Yulia Sadova, Rt Cz\u0142onek Zarz\u0105du (Referent U\u0142adu P\u0142astun\u00f3w Nowak\u00f3w) &#8211;&hellip;","_links":{"self":[{"href":"https:\/\/plast.org.pl\/pl\/wp-json\/wp\/v2\/pages\/543","targetHints":{"allow":["GET"]}}],"collection":[{"href":"https:\/\/plast.org.pl\/pl\/wp-json\/wp\/v2\/pages"}],"about":[{"href":"https:\/\/plast.org.pl\/pl\/wp-json\/wp\/v2\/types\/page"}],"author":[{"embeddable":true,"href":"https:\/\/plast.org.pl\/pl\/wp-json\/wp\/v2\/users\/9"}],"replies":[{"embeddable":true,"href":"https:\/\/plast.org.pl\/pl\/wp-json\/wp\/v2\/comments?post=543"}],"version-history":[{"count":3,"href":"https:\/\/plast.org.pl\/pl\/wp-json\/wp\/v2\/pages\/543\/revisions"}],"predecessor-version":[{"id":634,"href":"https:\/\/plast.org.pl\/pl\/wp-json\/wp\/v2\/pages\/543\/revisions\/634"}],"wp:attachment":[{"href":"https:\/\/plast.org.pl\/pl\/wp-json\/wp\/v2\/media?parent=543"}],"curies":[{"name":"wp","href":"https:\/\/api.w.org\/{rel}","templated":true}]}}