{"id":539,"date":"2024-09-18T19:40:49","date_gmt":"2024-09-18T17:40:49","guid":{"rendered":"https:\/\/plast.org.pl\/pl\/?page_id=539"},"modified":"2026-01-17T12:13:16","modified_gmt":"2026-01-17T11:13:16","slug":"about-for-parents","status":"publish","type":"page","link":"https:\/\/plast.org.pl\/pl\/about-for-parents\/","title":{"rendered":"Dla rodzic\u00f3w"},"content":{"rendered":"\n<div class=\"wp-block-cover alignfull\"><img fetchpriority=\"high\" decoding=\"async\" width=\"1797\" height=\"1124\" class=\"wp-block-cover__image-background wp-image-624\" alt=\"\" src=\"https:\/\/plast.org.pl\/pl\/wp-content\/uploads\/sites\/4\/2024\/10\/for-parents_pdfhcy.jpg\" data-object-fit=\"cover\" srcset=\"https:\/\/plast.org.pl\/pl\/wp-content\/uploads\/sites\/4\/2024\/10\/for-parents_pdfhcy.jpg 1797w, https:\/\/plast.org.pl\/pl\/wp-content\/uploads\/sites\/4\/2024\/10\/for-parents_pdfhcy-300x188.jpg 300w, https:\/\/plast.org.pl\/pl\/wp-content\/uploads\/sites\/4\/2024\/10\/for-parents_pdfhcy-1024x640.jpg 1024w, https:\/\/plast.org.pl\/pl\/wp-content\/uploads\/sites\/4\/2024\/10\/for-parents_pdfhcy-768x480.jpg 768w, https:\/\/plast.org.pl\/pl\/wp-content\/uploads\/sites\/4\/2024\/10\/for-parents_pdfhcy-1536x961.jpg 1536w, https:\/\/plast.org.pl\/pl\/wp-content\/uploads\/sites\/4\/2024\/10\/for-parents_pdfhcy-600x375.jpg 600w\" sizes=\"(max-width: 1797px) 100vw, 1797px\" \/><span aria-hidden=\"true\" class=\"wp-block-cover__background has-background-dim\" style=\"background-color:#606756\"><\/span><div class=\"wp-block-cover__inner-container is-layout-constrained wp-block-cover-is-layout-constrained\">\n<p class=\"has-text-align-center\" style=\"font-size:48px\">Dla rodzic\u00f3w<\/p>\n<\/div><\/div>\n\n\n\n<h2 class=\"wp-block-heading\">Dlaczego warto?<\/h2>\n\n\n\n<p>P\u0142ast nazywany jest r\u00f3wnie\u017c Wielk\u0105 Gr\u0105. To nie tylko artystyczna metafora, te s\u0142owa wyja\u015bniaj\u0105, czym si\u0119 zajmujemy w P\u0142a\u015bcie. To gra modeluj\u0105ca r\u00f3\u017cne sytuacje \u017cyciowe, w kt\u00f3rych dzieci i m\u0142odzie\u017c ucz\u0105 si\u0119 samoorganizacji, poznaj\u0105 r\u00f3\u017cne emocje, pr\u00f3buj\u0105 rozmaitych kierunk\u00f3w rozwoju, realizuj\u0105 si\u0119 zar\u00f3wno jak jednostka, ale tak\u017ce jako cz\u0119\u015b\u0107 ma\u0142ej grupy i spo\u0142ecze\u0144stwa. Na zaj\u0119ciach p\u0142astowych, zazwyczaj w formie gier i rozm\u00f3w wzmacniane jest poczucie pewno\u015bci siebie, a tak\u017ce takie cech i umiej\u0119tno\u015bci jak odwaga, krytyczne my\u015blenie, pomys\u0142owo\u015b\u0107, przyw\u00f3dztwo.<\/p>\n\n\n\n<p>P\u0142ast nie dostarczy m\u0142odemu cz\u0142owiekowi w\u0105skiej, specjalistycznej wiedzy i umiej\u0119tno\u015bci zawodowych, ale nauczy, gdzie i jak mo\u017cna je zdoby\u0107, opanowa\u0107 i odpowiednio zastosowa\u0107. P\u0142astuni na ca\u0142ym \u015bwiecie to du\u017ca sie\u0107 dobrze ukszta\u0142towanych ludzi, kt\u00f3rzy mog\u0105 inspirowa\u0107, wspiera\u0107, pomaga\u0107, uczy\u0107 i chroni\u0107.<\/p>\n\n\n\n<p>Dla p\u0142astun\u00f3w mieszkaj\u0105cych poza Ukrain\u0105 p\u0142astowe otoczenie to tak\u017ce okazja do \u0107wiczenia j\u0119zyka ukrai\u0144skiego w nieformalnym towarzystwie r\u00f3wie\u015bnik\u00f3w i m\u0142odzie\u017cy. Ukrai\u0144ski jest g\u0142\u00f3wnym j\u0119zykiem wszystkich akcji i wydarze\u0144 organozanych przez P\u0142ast. W P\u0142a\u015bcie wa\u017cne jest r\u00f3wnie\u017c piel\u0119gnowanie ukrai\u0144skich tradycji, zachowanie pami\u0119ci o przodkach.<\/p>\n\n\n\n<h2 class=\"wp-block-heading\">Bezpiecze\u0144stwo w P\u0142a\u015bcie<\/h2>\n\n\n\n<p>Jeste\u015bmy \u015bwiadomi, \u017ce rodzice wysy\u0142aj\u0105cy swoje dziecko do P\u0142astu powierzaj\u0105 nam tych, kt\u00f3rzy s\u0105 dla nich najcenniejsi. Dlatego bezpiecze\u0144stwo w P\u0142a\u015bcie jest bardzo wa\u017cne. Nie tylko staramy si\u0119 je zapewnia\u0107, ale dok\u0142adamy tak\u017ce wszelkich stara\u0144, aby uczy\u0107 m\u0142odych cz\u0142onk\u00f3w organizacji zasad bezpiecznej pracy i rozrywki.<\/p>\n\n\n\n<p>P\u0142astowe zaj\u0119cia prowadzi wychowawca, kt\u00f3ry odby\u0142 szkolenie i jest zapoznany z programem P\u0142astu i zasadami bezpiecze\u0144stwa. Plastowe obozy i akcje s\u0105 organizowane przez m\u0142odych, ale do\u015bwiadczonych i odpowiedzialnych kierownik\u00f3w i cz\u0142onk\u00f3w kadry.<\/p>\n\n\n\n<p>Wszystkie nasze obozy ka\u017cdego roku oficjalnie zg\u0142aszamy do Bazy wypoczynku MEiN. Obozy P\u0142astu s\u0105 kontrolowane wed\u0142ug takich samych wytycznych sanitarnych i bezpiecze\u0144stwa jak i inne formy odpoczynku dla dzieci i m\u0142odzie\u017cy, organizowane w Polsce.<\/p>\n\n\n\n<h2 class=\"wp-block-heading\">Praca systemem ma\u0142ych grup<\/h2>\n\n\n\n<p>Specyfika p\u0142astowej metodyki, a tak\u017ce metodyki innych organizacji skautowych i harcerskich zak\u0142ada prac\u0119 w ma\u0142ych grupach r\u00f3wie\u015bniczych. Polega ona na pobudzaniu dzieci i m\u0142odzie\u017cy do rozwoju intelektualnego, fizycznego, duchowego i spo\u0142ecznego umo\u017cliwiaj\u0105c m\u0142odym ludziom sp\u0119dzanie czasu na rozwojowych grach i zadaniach, kt\u00f3re wymagaj\u0105 od uczestnik\u00f3w kooperacji, kreatywno\u015bci, a tak\u017ce brania odpowiedzialno\u015bci za siebie i innych uczestnik\u00f3w swojej grupy.<\/p>\n\n\n\n<p>Niekt\u00f3re formy zaj\u0119\u0107 z dzie\u0107mi i m\u0142odzie\u017c\u0105 w P\u0142a\u015bcie przewiduj\u0105 udzia\u0142 uczestnik\u00f3w bez bezpo\u015bredniego nadzoru pe\u0142noletniego opiekuna, np. podczas gier terenowych, zdobywania niekt\u00f3rych stopni lub sprawno\u015bci. Niekiedy r\u00f3wnie\u017c starsi junacy prowadz\u0105 zaj\u0119cia dla m\u0142odszych p\u0142astun\u00f3w.<\/p>\n\n\n\n<p>Branie odpowiedzialno\u015bci za siebie i innych jest jednym z czo\u0142owych element\u00f3w p\u0142astowej metodyki. Zaufanie, kt\u00f3rym s\u0105 obdarowywani m\u0142odzi p\u0142astuni w sytuacji braku bezpo\u015bredniego nadzoru doros\u0142ych, wzmaga w nich poczucie samodzielno\u015bci, rozwija umiej\u0119tno\u015bci liderskie i pewno\u015b\u0107 siebie.<\/p>\n\n\n\n<p>P\u0142astowi instruktorzy i zawsze odpowiednio przygotowuj\u0105 grup\u0119 do wszelkich wyzwa\u0144 i zada\u0144. M\u0142odzi p\u0142astuni za ka\u017cdym razem s\u0105 instruowani o zasadach bezpiecze\u0144stwa, a tak\u017ce wiedz\u0105 gdzie znajd\u0105 instruktora w razie potrzeby.<\/p>\n\n\n\n<h2 class=\"wp-block-heading\">J\u0119zyk ukrai\u0144ski w P\u0142a\u015bcie<\/h2>\n\n\n\n<p>J\u0119zyk ukrai\u0144ski jest bardzo wa\u017cnym elementem ukrai\u0144skiej kultury i to\u017csamo\u015bci. Jest tak\u017ce nieodzownym elementem wychowania w P\u0142a\u015bcie. Cz\u0142onkowie P\u0142astu s\u0105 zach\u0119cani do piel\u0119gnowania swoich umiej\u0119tno\u015bci j\u0119zykowych. Wszystkie zaj\u0119cia, zbi\u00f3rki, obozy odbywaj\u0105 si\u0119 w j\u0119zyku ukrai\u0144skim, w tym j\u0119zyku odbywa si\u0119 ca\u0142a komunikacja w P\u0142a\u015bcie, r\u00f3wnie\u017c ta pisana (oficjalne wiadomo\u015bci, materia\u0142y do zaj\u0119\u0107). To bardzo wa\u017cne by dziecko wst\u0119puj\u0105ce do P\u0142astu zna\u0142o j\u0119zyk ukrai\u0144ski co najmniej w stopniu biernym i by by\u0142o zmotywowane i otwarte na rozwijanie swoich umiej\u0119tno\u015bci komunikacji w tym j\u0119zyku.<\/p>\n\n\n\n<h2 class=\"wp-block-heading\">Ile kosztuje p\u0142astowanie?<\/h2>\n\n\n\n<p><strong>Sk\u0142adki cz\u0142onkowskie<\/strong><\/p>\n\n\n\n<p>Jednym z obowi\u0105zk\u00f3w wszystkich cz\u0142onk\u00f3w P\u0142astu jest op\u0142acanie rocznych sk\u0142adek cz\u0142onkowskich. Termin op\u0142acenia sk\u0142adki cz\u0142onkowskiej za ka\u017cdy rok kalendarzowy up\u0142ywa 31 grudnia. Dzi\u015b, zgodnie z decyzj\u0105 XIII KPZ sk\u0142adki cz\u0142onkowskie wynosz\u0105 60 z\u0142 rocznie dla dzieci i m\u0142odzie\u017cy.<\/p>\n\n\n\n<p><strong>Sk\u0142adki kr\u0119gu<\/strong><\/p>\n\n\n\n<p>Zdarza si\u0119, \u017ce cz\u0142onkowie pewnego kr\u0119gu p\u0142astun\u00f3w decyduj\u0105 si\u0119 co miesi\u0105c zbiera\u0107 pieni\u0105dze na swoje wsp\u00f3lne potrzeby, takie jak zakup chust skautowych czy materia\u0142\u00f3w na wsp\u00f3lnie przeprowadzane zbi\u00f3rki. W tym przypadku o finanse dba skarbnik kr\u0119gu, a m\u0142odzi ludzie sami decyduj\u0105 o wysoko\u015bci sk\u0142adek.<\/p>\n\n\n\n<p><strong>Mundur<\/strong><\/p>\n\n\n\n<p>Kiedy dziecko zacznie regularnie p\u0142astowa\u0107, pojawi si\u0119 pytanie o zakupienie munduru. Mo\u017cna go kupi\u0107 w Ukrainie. Cena pe\u0142nego munduru (koszula, sp\u00f3dnica \/spodnie, podkolan\u00f3wki, beret, chusta, gwizdek, pasek) to oko\u0142o 130 z\u0142. Mundur mo\u017cna zam\u00f3wi\u0107 r\u00f3wnie\u017c zapisuj\u0105c dziecko na ob\u00f3z. Wa\u017cnym elementem munduru s\u0105 odznaki, kt\u00f3re zwykle kosztuj\u0105 3-5 z\u0142otych.<\/p>\n\n\n\n<p><strong>Akcje i obozy<\/strong><\/p>\n\n\n\n<p>Bud\u017cet oboz\u00f3w i akcji sk\u0142ada si\u0119 z wy\u017cywienia, zakwaterowania, materia\u0142\u00f3w do zaj\u0119\u0107 i innych potrzeb organizacyjnych. Wielko\u015b\u0107 sk\u0142adki na akcj\u0119 to zazwyczaj 50-90 z\u0142otych. Sk\u0142adka na ob\u00f3z m\u0142odzie\u017cowy trwaj\u0105cy 10-12 dni &#8211; oko\u0142o 500-600 z\u0142. Ob\u00f3z dla m\u0142odszych dzieci, ze wzgl\u0119du na konieczno\u015b\u0107 wynaj\u0119cia budynku i dostarczania gotowych posi\u0142k\u00f3w, jest dro\u017cszy i kosztuje 900-1100 z\u0142 na 10-12 dni.<\/p>\n\n\n\n<p><strong>Jak jest finansowany P\u0142ast?<\/strong><\/p>\n\n\n\n<p>G\u0142\u00f3wnym \u017ar\u00f3d\u0142em finansowania P\u0142astu s\u0105 sk\u0142adki cz\u0142onkowskie oraz wp\u0142aty na nasze obozy i akcje. Cz\u0119\u015bciowo pokrywamy wydatki z darowizn od naszych darczy\u0144c\u00f3w, kt\u00f3rzy chc\u0105 swoimi datkami wesprze\u0107 rozw\u00f3j P\u0142astu w naszym kraju.<\/p>\n\n\n\n<p><\/p>\n\n\n\n<p>Wi\u0119cej informacji w j\u0119zyku ukrai\u0144skim znajdziesz po klikni\u0119ciu przycisku poni\u017cej:<\/p>\n\n\n\n<div class=\"wp-block-buttons has-white-background-color has-background is-content-justification-center is-layout-flex wp-container-core-buttons-is-layout-a89b3969 wp-block-buttons-is-layout-flex\">\n<div class=\"wp-block-button is-style-fill\"><a class=\"wp-block-button__link has-vivid-green-cyan-background-color has-background has-medium-font-size has-custom-font-size wp-element-button\" href=\"https:\/\/plast.org.uk\/batkam\/navishcho-moyij-dytyni-plast\/\">Ksi\u0105\u017ceczka &#8211; &#8220;Po co mojemu dziecku P\u0142ast?&#8221; ( ukr. )<\/a><\/div>\n<\/div>\n","protected":false},"excerpt":{"rendered":"<p>Dlaczego warto? P\u0142ast nazywany jest r\u00f3wnie\u017c Wielk\u0105 Gr\u0105. To nie tylko artystyczna metafora, te s\u0142owa wyja\u015bniaj\u0105, czym si\u0119 zajmujemy w P\u0142a\u015bcie. To gra modeluj\u0105ca r\u00f3\u017cne sytuacje \u017cyciowe, w kt\u00f3rych dzieci i m\u0142odzie\u017c ucz\u0105 si\u0119 samoorganizacji, poznaj\u0105 r\u00f3\u017cne emocje, pr\u00f3buj\u0105 rozmaitych kierunk\u00f3w rozwoju, realizuj\u0105 si\u0119 zar\u00f3wno jak jednostka, ale tak\u017ce jako cz\u0119\u015b\u0107 ma\u0142ej grupy i spo\u0142ecze\u0144stwa. [&hellip;]<\/p>\n","protected":false},"author":9,"featured_media":0,"parent":0,"menu_order":0,"comment_status":"closed","ping_status":"closed","template":"","meta":{"ngg_post_thumbnail":0,"footnotes":""},"class_list":["post-539","page","type-page","status-publish","hentry"],"rttpg_featured_image_url":null,"rttpg_author":{"display_name":"madmax","author_link":"https:\/\/plast.org.pl\/pl\/author\/madmax\/"},"rttpg_comment":0,"rttpg_category":null,"rttpg_excerpt":"Dlaczego warto? P\u0142ast nazywany jest r\u00f3wnie\u017c Wielk\u0105 Gr\u0105. To nie tylko artystyczna metafora, te s\u0142owa wyja\u015bniaj\u0105, czym si\u0119 zajmujemy w P\u0142a\u015bcie. To gra modeluj\u0105ca r\u00f3\u017cne sytuacje \u017cyciowe, w kt\u00f3rych dzieci i m\u0142odzie\u017c ucz\u0105 si\u0119 samoorganizacji, poznaj\u0105 r\u00f3\u017cne emocje, pr\u00f3buj\u0105 rozmaitych kierunk\u00f3w rozwoju, realizuj\u0105 si\u0119 zar\u00f3wno jak jednostka, ale tak\u017ce jako cz\u0119\u015b\u0107 ma\u0142ej grupy i spo\u0142ecze\u0144stwa.&hellip;","_links":{"self":[{"href":"https:\/\/plast.org.pl\/pl\/wp-json\/wp\/v2\/pages\/539","targetHints":{"allow":["GET"]}}],"collection":[{"href":"https:\/\/plast.org.pl\/pl\/wp-json\/wp\/v2\/pages"}],"about":[{"href":"https:\/\/plast.org.pl\/pl\/wp-json\/wp\/v2\/types\/page"}],"author":[{"embeddable":true,"href":"https:\/\/plast.org.pl\/pl\/wp-json\/wp\/v2\/users\/9"}],"replies":[{"embeddable":true,"href":"https:\/\/plast.org.pl\/pl\/wp-json\/wp\/v2\/comments?post=539"}],"version-history":[{"count":4,"href":"https:\/\/plast.org.pl\/pl\/wp-json\/wp\/v2\/pages\/539\/revisions"}],"predecessor-version":[{"id":701,"href":"https:\/\/plast.org.pl\/pl\/wp-json\/wp\/v2\/pages\/539\/revisions\/701"}],"wp:attachment":[{"href":"https:\/\/plast.org.pl\/pl\/wp-json\/wp\/v2\/media?parent=539"}],"curies":[{"name":"wp","href":"https:\/\/api.w.org\/{rel}","templated":true}]}}