{"id":537,"date":"2024-09-18T19:31:35","date_gmt":"2024-09-18T17:31:35","guid":{"rendered":"https:\/\/plast.org.pl\/pl\/?page_id=537"},"modified":"2024-10-13T21:38:53","modified_gmt":"2024-10-13T19:38:53","slug":"about-aim-activities","status":"publish","type":"page","link":"https:\/\/plast.org.pl\/pl\/about-aim-activities\/","title":{"rendered":"Cele i dzia\u0142ania"},"content":{"rendered":"\n<div class=\"wp-block-cover alignfull\"><span aria-hidden=\"true\" class=\"wp-block-cover__background has-background-dim\" style=\"background-color:#7d7976\"><\/span><img fetchpriority=\"high\" decoding=\"async\" width=\"2560\" height=\"820\" class=\"wp-block-cover__image-background wp-image-622\" alt=\"\" src=\"https:\/\/plast.org.pl\/pl\/wp-content\/uploads\/sites\/4\/2024\/10\/goals-and-activities_uviuco-scaled.jpg\" data-object-fit=\"cover\" srcset=\"https:\/\/plast.org.pl\/pl\/wp-content\/uploads\/sites\/4\/2024\/10\/goals-and-activities_uviuco-scaled.jpg 2560w, https:\/\/plast.org.pl\/pl\/wp-content\/uploads\/sites\/4\/2024\/10\/goals-and-activities_uviuco-300x96.jpg 300w, https:\/\/plast.org.pl\/pl\/wp-content\/uploads\/sites\/4\/2024\/10\/goals-and-activities_uviuco-1024x328.jpg 1024w, https:\/\/plast.org.pl\/pl\/wp-content\/uploads\/sites\/4\/2024\/10\/goals-and-activities_uviuco-768x246.jpg 768w, https:\/\/plast.org.pl\/pl\/wp-content\/uploads\/sites\/4\/2024\/10\/goals-and-activities_uviuco-1536x492.jpg 1536w, https:\/\/plast.org.pl\/pl\/wp-content\/uploads\/sites\/4\/2024\/10\/goals-and-activities_uviuco-2048x656.jpg 2048w, https:\/\/plast.org.pl\/pl\/wp-content\/uploads\/sites\/4\/2024\/10\/goals-and-activities_uviuco-600x192.jpg 600w\" sizes=\"(max-width: 2560px) 100vw, 2560px\" \/><div class=\"wp-block-cover__inner-container is-layout-constrained wp-block-cover-is-layout-constrained\">\n<p class=\"has-text-align-center\" style=\"font-size:48px\"><strong>Cele i dzia\u0142ania<\/strong><\/p>\n<\/div><\/div>\n\n\n\n<p>Celem P\u0142astu jest stwarzanie warunk\u00f3w dla wszechstronnego rozwoju m\u0142odego cz\u0142owieka tak, by m\u00f3g\u0142 by\u0107 odpowiedzialnym obywatelem i liderem w spo\u0142ecze\u0144stwie. Sprzyjamy rozwojowi ludzi, kt\u00f3rzy chc\u0105 si\u0119 wierzy\u0107 w swoje si\u0142y i realizowa\u0107 swoje marzenia i idea\u0142y. P\u0142ast ju\u017c ponad sto lat realizuje ten cel. W\u015br\u00f3d p\u0142astun\u00f3w jest du\u017co wybitnych Ukrai\u0144c\u00f3w, w\u015br\u00f3d nich kardyna\u0142 Ko\u015bcio\u0142a greckokatolickiego Lubomyr Huzar, \u015bwiatowej s\u0142awy ekonomista i menad\u017cer Bohdan Hawry\u0142yszyn, astronautka Heidemarie Stefanyshyn-Piper, Lubomyr Romaniv, jeden z czo\u0142owych naukowc\u00f3w IBM i znana \u015bpiewaczka Kvitka Cisyk.<\/p>\n\n\n\n<p>Wierzymy w to, \u017ce zmiana \u015awiata na lepsze zaczyna si\u0119 od pracy nad sob\u0105 ka\u017cdego z nas. Dla p\u0142astun\u00f3w \u017cyciowymi drogowskazami s\u0105 Trzy G\u0142\u00f3wne Obowi\u0105zki p\u0142astuna i p\u0142astunki:<\/p>\n\n\n\n<ol class=\"wp-block-list\">\n<li><em>By\u0107 wiernym Bogu i Ukrainie.<\/em><\/li>\n\n\n\n<li><em>Nie\u015b\u0107 pomoc innym.<\/em><\/li>\n\n\n\n<li><em>By\u0107 lojalnym wobec p\u0142astowej starszyzny i \u017cyc zgodnie z Prawem P\u0142astowym.<\/em><\/li>\n<\/ol>\n\n\n\n<p>Opr\u00f3cz fundamentu, jakim s\u0105 dla P\u0142astu Trzy G\u0142\u00f3wne Obowi\u0105zki, osi\u0105ganiu i rozwijaniu celu P\u0142astu pomaga program wychowawczy, kt\u00f3rego osnow\u0105 jest skauting. Przebywanie w\u015br\u00f3d przyrody, system pr\u00f3b (czyli zada\u0144-wyzwa\u0144, kt\u00f3re zaliczaj\u0105 nowacy i junacy), odpowiedzialno\u015b\u0107 za siebie i innych, realizacja swoich projekt\u00f3w, a tak\u017ce gry, praca w zespole, liderstwo, pokonywanie wyzwa\u0144 i niewyg\u00f3d, poznawanie kultury i historii w\u0142asnego narodu \u2013 to podstawowe elementy skautingu obecne w codziennym \u017cyciu p\u0142astun\u00f3w. P\u0142ast to wyj\u0105tkowe \u015brodowisko, w kt\u00f3rym cz\u0142owiek ma du\u017co stymulant\u00f3w do tego aby rosn\u0105\u0107, inspirowa\u0107 si\u0119 i inspirowa\u0107.<\/p>\n\n\n\n<p>Wa\u017cn\u0105 sfer\u0105 dzia\u0142alno\u015bci P\u0142astu w Polsce jest kultywowanie ukrai\u0144skiego j\u0119zyka i to\u017csamo\u015bci. Wszystkie wydarzenia i spotkania organizowane przez P\u0142ast odbywaj\u0105 si\u0119 w j\u0119zyku ukrai\u0144skim. Jeste\u015bmy \u015bwiadomi tak\u017ce, jak wa\u017cny jest szacunek do kraju w kt\u00f3rym mieszkamy, dlatego P\u0142ast propaguje obywatelska aktywno\u015b\u0107 i rozw\u00f3j spo\u0142ecze\u0144stwa obywatelskiego w Polsce. P\u0142ast, jak ukrai\u0144ska organizacja na terytorium RP, tworzy przestrze\u0144 dla spotkania i dialogu r\u00f3\u017cnych grup Ukrai\u0144c\u00f3w (tych, kt\u00f3rzy niedawno przyjechali do Polski i polskich obywateli ukrai\u0144skiego pochodzenia, kt\u00f3rzy mieszkaj\u0105 w naszym kraju od wielu pokole\u0144), a tak\u017ce Ukrai\u0144c\u00f3w i Polak\u00f3w.<\/p>\n\n\n\n<p>Podstawow\u0105 form\u0105 pracy z dzie\u0107mi i m\u0142odzie\u017c\u0105 s\u0105 regularne zbi\u00f3rki, kt\u00f3re odbywaj\u0105 si\u0119 w niekt\u00f3rych miastach Polski. P\u0142ast ju\u017c trzydzie\u015bci lat organizuje w Polsce obozy letnie, nowacki (dla dzieci w wieku 7-11 lat) i junacki (dla m\u0142odzie\u017cy do 17 roku \u017cycia). W ci\u0105gu roku odbywaj\u0105 si\u0119 r\u00f3\u017cne p\u0142astowe akcje, szkolenia, w\u0119dr\u00f3wki, a tak\u017ce integracyjne i szkoleniowe spotkania dla doros\u0142ych cz\u0142onk\u00f3w organizacji. Dzieci i m\u0142odzie\u017c, kt\u00f3rzy nie maj\u0105 mo\u017cliwo\u015bci uczestniczy\u0107 w zbi\u00f3rkach w\u0142a\u015bnie akcjach i obozach realizuj\u0105 p\u0142astowy program.<\/p>\n","protected":false},"excerpt":{"rendered":"<p>Celem P\u0142astu jest stwarzanie warunk\u00f3w dla wszechstronnego rozwoju m\u0142odego cz\u0142owieka tak, by m\u00f3g\u0142 by\u0107 odpowiedzialnym obywatelem i liderem w spo\u0142ecze\u0144stwie. Sprzyjamy rozwojowi ludzi, kt\u00f3rzy chc\u0105 si\u0119 wierzy\u0107 w swoje si\u0142y i realizowa\u0107 swoje marzenia i idea\u0142y. P\u0142ast ju\u017c ponad sto lat realizuje ten cel. W\u015br\u00f3d p\u0142astun\u00f3w jest du\u017co wybitnych Ukrai\u0144c\u00f3w, w\u015br\u00f3d nich kardyna\u0142 Ko\u015bcio\u0142a greckokatolickiego [&hellip;]<\/p>\n","protected":false},"author":9,"featured_media":0,"parent":0,"menu_order":0,"comment_status":"closed","ping_status":"closed","template":"","meta":{"ngg_post_thumbnail":0,"footnotes":""},"class_list":["post-537","page","type-page","status-publish","hentry"],"rttpg_featured_image_url":null,"rttpg_author":{"display_name":"madmax","author_link":"https:\/\/plast.org.pl\/pl\/author\/madmax\/"},"rttpg_comment":0,"rttpg_category":null,"rttpg_excerpt":"Celem P\u0142astu jest stwarzanie warunk\u00f3w dla wszechstronnego rozwoju m\u0142odego cz\u0142owieka tak, by m\u00f3g\u0142 by\u0107 odpowiedzialnym obywatelem i liderem w spo\u0142ecze\u0144stwie. Sprzyjamy rozwojowi ludzi, kt\u00f3rzy chc\u0105 si\u0119 wierzy\u0107 w swoje si\u0142y i realizowa\u0107 swoje marzenia i idea\u0142y. P\u0142ast ju\u017c ponad sto lat realizuje ten cel. W\u015br\u00f3d p\u0142astun\u00f3w jest du\u017co wybitnych Ukrai\u0144c\u00f3w, w\u015br\u00f3d nich kardyna\u0142 Ko\u015bcio\u0142a greckokatolickiego&hellip;","_links":{"self":[{"href":"https:\/\/plast.org.pl\/pl\/wp-json\/wp\/v2\/pages\/537","targetHints":{"allow":["GET"]}}],"collection":[{"href":"https:\/\/plast.org.pl\/pl\/wp-json\/wp\/v2\/pages"}],"about":[{"href":"https:\/\/plast.org.pl\/pl\/wp-json\/wp\/v2\/types\/page"}],"author":[{"embeddable":true,"href":"https:\/\/plast.org.pl\/pl\/wp-json\/wp\/v2\/users\/9"}],"replies":[{"embeddable":true,"href":"https:\/\/plast.org.pl\/pl\/wp-json\/wp\/v2\/comments?post=537"}],"version-history":[{"count":2,"href":"https:\/\/plast.org.pl\/pl\/wp-json\/wp\/v2\/pages\/537\/revisions"}],"predecessor-version":[{"id":623,"href":"https:\/\/plast.org.pl\/pl\/wp-json\/wp\/v2\/pages\/537\/revisions\/623"}],"wp:attachment":[{"href":"https:\/\/plast.org.pl\/pl\/wp-json\/wp\/v2\/media?parent=537"}],"curies":[{"name":"wp","href":"https:\/\/api.w.org\/{rel}","templated":true}]}}