{"id":334,"date":"2022-08-07T14:31:27","date_gmt":"2022-08-07T12:31:27","guid":{"rendered":"https:\/\/plast.org.pl\/pl\/?page_id=334"},"modified":"2022-10-03T23:25:24","modified_gmt":"2022-10-03T21:25:24","slug":"contacts","status":"publish","type":"page","link":"https:\/\/plast.org.pl\/pl\/contacts\/","title":{"rendered":"Kontakty"},"content":{"rendered":"\t\t<div data-elementor-type=\"wp-page\" data-elementor-id=\"334\" class=\"elementor elementor-334\">\n\t\t\t\t\t\t<section class=\"elementor-section elementor-top-section elementor-element elementor-element-4bb1c30 elementor-section-boxed elementor-section-height-default elementor-section-height-default\" data-id=\"4bb1c30\" data-element_type=\"section\">\n\t\t\t\t\t\t<div class=\"elementor-container elementor-column-gap-default\">\n\t\t\t\t\t<div class=\"elementor-column elementor-col-100 elementor-top-column elementor-element elementor-element-669f64a\" data-id=\"669f64a\" data-element_type=\"column\">\n\t\t\t<div class=\"elementor-widget-wrap elementor-element-populated\">\n\t\t\t\t\t\t<section class=\"elementor-section elementor-inner-section elementor-element elementor-element-b53ea93 elementor-section-boxed elementor-section-height-default elementor-section-height-default\" data-id=\"b53ea93\" data-element_type=\"section\">\n\t\t\t\t\t\t<div class=\"elementor-container elementor-column-gap-default\">\n\t\t\t\t\t<div class=\"elementor-column elementor-col-33 elementor-inner-column elementor-element elementor-element-b26436c\" data-id=\"b26436c\" data-element_type=\"column\">\n\t\t\t<div class=\"elementor-widget-wrap elementor-element-populated\">\n\t\t\t\t\t\t<div class=\"elementor-element elementor-element-44360c8 elementor-align-justify elementor-tablet-align-justify elementor-mobile-align-justify elementor-widget elementor-widget-button\" data-id=\"44360c8\" data-element_type=\"widget\" data-widget_type=\"button.default\">\n\t\t\t\t<div class=\"elementor-widget-container\">\n\t\t\t\t\t\t\t\t\t<div class=\"elementor-button-wrapper\">\n\t\t\t\t\t<a class=\"elementor-button elementor-button-link elementor-size-lg\" href=\"https:\/\/forms.gle\/eSe9FbLbiZ2wCyHF7\">\n\t\t\t\t\t\t<span class=\"elementor-button-content-wrapper\">\n\t\t\t\t\t\t\t\t\t<span class=\"elementor-button-text\">Ankieta dotycz\u0105ca rejestracji dzieci w kolejce do P\u0142astu<\/span>\n\t\t\t\t\t<\/span>\n\t\t\t\t\t<\/a>\n\t\t\t\t<\/div>\n\t\t\t\t\t\t\t\t<\/div>\n\t\t\t\t<\/div>\n\t\t\t\t<div class=\"elementor-element elementor-element-06831de elementor-align-justify elementor-tablet-align-justify elementor-mobile-align-justify elementor-widget elementor-widget-button\" data-id=\"06831de\" data-element_type=\"widget\" data-widget_type=\"button.default\">\n\t\t\t\t<div class=\"elementor-widget-container\">\n\t\t\t\t\t\t\t\t\t<div class=\"elementor-button-wrapper\">\n\t\t\t\t\t<a class=\"elementor-button elementor-button-link elementor-size-lg\" href=\"https:\/\/forms.gle\/KFxmSfXPY7ajWiWi6\">\n\t\t\t\t\t\t<span class=\"elementor-button-content-wrapper\">\n\t\t\t\t\t\t\t\t\t<span class=\"elementor-button-text\">Formularz rejestracyjny dla Plastu jako Go\u015b\u0107 Plastu<\/span>\n\t\t\t\t\t<\/span>\n\t\t\t\t\t<\/a>\n\t\t\t\t<\/div>\n\t\t\t\t\t\t\t\t<\/div>\n\t\t\t\t<\/div>\n\t\t\t\t\t<\/div>\n\t\t<\/div>\n\t\t\t\t<div class=\"elementor-column elementor-col-66 elementor-inner-column elementor-element elementor-element-3edad0f\" data-id=\"3edad0f\" data-element_type=\"column\">\n\t\t\t<div class=\"elementor-widget-wrap elementor-element-populated\">\n\t\t\t\t\t\t<div class=\"elementor-element elementor-element-c28f39f elementor-widget elementor-widget-text-editor\" data-id=\"c28f39f\" data-element_type=\"widget\" data-widget_type=\"text-editor.default\">\n\t\t\t\t<div class=\"elementor-widget-container\">\n\t\t\t\t\t\t\t\t\t<p><strong>Kancelaria P\u0142astu<\/strong>&nbsp;&#8211; <a href=\"mailto:office@plast.org.pl\"><span data-sheets-value=\"{&quot;1&quot;:2,&quot;2&quot;:&quot;office@plast.org.pl&quot;}\" data-sheets-userformat=\"{&quot;2&quot;:14915,&quot;3&quot;:{&quot;1&quot;:0},&quot;4&quot;:{&quot;1&quot;:2,&quot;2&quot;:16777215},&quot;9&quot;:0,&quot;12&quot;:0,&quot;14&quot;:{&quot;1&quot;:2,&quot;2&quot;:-570425344},&quot;15&quot;:&quot;Arial&quot;,&quot;16&quot;:10}\">office@plast.org.pl<\/span><\/a>&nbsp;,&nbsp;<span style=\"color: var( --e-global-color-text ); font-family: var( --e-global-typography-text-font-family ), Sans-serif; font-weight: var( --e-global-typography-text-font-weight ); font-size: 1rem;\">+48 538 317 192<\/span><\/p>\n<p><em>Adres do korespondencji:<\/em><br><em><span style=\"color: var( --e-global-color-text ); font-family: var( --e-global-typography-text-font-family ), Sans-serif; font-size: 1rem; font-weight: var( --e-global-typography-text-font-weight );\">P\u0142ast \u2013 Ukrai\u0144ska Organizacja Skautowa w Polsce<br><\/span><span style=\"color: var( --e-global-color-text ); font-family: var( --e-global-typography-text-font-family ), Sans-serif; font-size: 1rem; font-weight: var( --e-global-typography-text-font-weight );\">ul.Ko\u015bcieliska 7, 03-614 Warszawa<\/span><\/em><\/p>\n<p><strong>Projekt &#8220;Ukrainska Domiwka&#8221;<\/strong> &#8211; <a href=\"mailto:domivka@plast.org.pl\"><span data-sheets-value=\"{&quot;1&quot;:2,&quot;2&quot;:&quot;domivka@plast.org.pl&quot;}\" data-sheets-userformat=\"{&quot;2&quot;:12801,&quot;3&quot;:{&quot;1&quot;:0},&quot;12&quot;:0,&quot;15&quot;:&quot;Arial&quot;,&quot;16&quot;:10}\">domivka@plast.org.pl<\/span><\/a><\/p>\n<p><strong>Kryzysowy centrum do spraw pomocy zwi\u0105zanych z wojn\u0105 w Ukrainie <\/strong> &#8211; <a href=\"mailto:crisiscenter@plast.org.pl\"><span data-sheets-value=\"{&quot;1&quot;:2,&quot;2&quot;:&quot;crisiscenter@plast.org.pl&quot;}\" data-sheets-userformat=\"{&quot;2&quot;:14915,&quot;3&quot;:{&quot;1&quot;:0},&quot;4&quot;:{&quot;1&quot;:2,&quot;2&quot;:16777215},&quot;9&quot;:0,&quot;12&quot;:0,&quot;14&quot;:{&quot;1&quot;:2,&quot;2&quot;:-570425344},&quot;15&quot;:&quot;Arial&quot;,&quot;16&quot;:10}\">crisiscenter@plast.org.pl<\/span><\/a><\/p>\t\t\t\t\t\t\t\t<\/div>\n\t\t\t\t<\/div>\n\t\t\t\t\t<\/div>\n\t\t<\/div>\n\t\t\t\t\t<\/div>\n\t\t<\/section>\n\t\t\t\t\t<\/div>\n\t\t<\/div>\n\t\t\t\t\t<\/div>\n\t\t<\/section>\n\t\t\t\t<\/div>\n\t\t","protected":false},"excerpt":{"rendered":"<p>Ankieta dotycz\u0105ca rejestracji dzieci w kolejce do P\u0142astu Formularz rejestracyjny dla Plastu jako Go\u015b\u0107 Plastu Kancelaria P\u0142astu&nbsp;&#8211; office@plast.org.pl&nbsp;,&nbsp;+48 538 317 192 Adres do korespondencji:P\u0142ast \u2013 Ukrai\u0144ska Organizacja Skautowa w Polsceul.Ko\u015bcieliska 7, 03-614 Warszawa Projekt &#8220;Ukrainska Domiwka&#8221; &#8211; domivka@plast.org.pl Kryzysowy centrum do spraw pomocy zwi\u0105zanych z wojn\u0105 w Ukrainie &#8211; crisiscenter@plast.org.pl<\/p>\n","protected":false},"author":5,"featured_media":0,"parent":0,"menu_order":0,"comment_status":"closed","ping_status":"closed","template":"","meta":{"ngg_post_thumbnail":0,"footnotes":""},"class_list":["post-334","page","type-page","status-publish","hentry"],"rttpg_featured_image_url":null,"rttpg_author":{"display_name":"mainadministratorofthenetwork","author_link":"https:\/\/plast.org.pl\/pl\/author\/mainadministratorofthenetwork\/"},"rttpg_comment":0,"rttpg_category":null,"rttpg_excerpt":"Ankieta dotycz\u0105ca rejestracji dzieci w kolejce do P\u0142astu Formularz rejestracyjny dla Plastu jako Go\u015b\u0107 Plastu Kancelaria P\u0142astu&nbsp;&#8211; office@plast.org.pl&nbsp;,&nbsp;+48 538 317 192 Adres do korespondencji:P\u0142ast \u2013 Ukrai\u0144ska Organizacja Skautowa w Polsceul.Ko\u015bcieliska 7, 03-614 Warszawa Projekt &#8220;Ukrainska Domiwka&#8221; &#8211; domivka@plast.org.pl Kryzysowy centrum do spraw pomocy zwi\u0105zanych z wojn\u0105 w Ukrainie &#8211; crisiscenter@plast.org.pl","_links":{"self":[{"href":"https:\/\/plast.org.pl\/pl\/wp-json\/wp\/v2\/pages\/334","targetHints":{"allow":["GET"]}}],"collection":[{"href":"https:\/\/plast.org.pl\/pl\/wp-json\/wp\/v2\/pages"}],"about":[{"href":"https:\/\/plast.org.pl\/pl\/wp-json\/wp\/v2\/types\/page"}],"author":[{"embeddable":true,"href":"https:\/\/plast.org.pl\/pl\/wp-json\/wp\/v2\/users\/5"}],"replies":[{"embeddable":true,"href":"https:\/\/plast.org.pl\/pl\/wp-json\/wp\/v2\/comments?post=334"}],"version-history":[{"count":19,"href":"https:\/\/plast.org.pl\/pl\/wp-json\/wp\/v2\/pages\/334\/revisions"}],"predecessor-version":[{"id":387,"href":"https:\/\/plast.org.pl\/pl\/wp-json\/wp\/v2\/pages\/334\/revisions\/387"}],"wp:attachment":[{"href":"https:\/\/plast.org.pl\/pl\/wp-json\/wp\/v2\/media?parent=334"}],"curies":[{"name":"wp","href":"https:\/\/api.w.org\/{rel}","templated":true}]}}