{"id":146,"date":"2022-07-10T23:31:22","date_gmt":"2022-07-10T21:31:22","guid":{"rendered":"https:\/\/plast.org.pl\/?page_id=146"},"modified":"2024-10-09T10:55:47","modified_gmt":"2024-10-09T08:55:47","slug":"pro-nas","status":"publish","type":"page","link":"https:\/\/plast.org.pl\/pl\/pro-nas\/","title":{"rendered":"O nas"},"content":{"rendered":"\t\t<div data-elementor-type=\"wp-post\" data-elementor-id=\"146\" class=\"elementor elementor-146\">\n\t\t\t\t\t\t<section class=\"elementor-section elementor-top-section elementor-element elementor-element-af3cba8 elementor-section-boxed elementor-section-height-default elementor-section-height-default\" data-id=\"af3cba8\" data-element_type=\"section\">\n\t\t\t\t\t\t<div class=\"elementor-container elementor-column-gap-default\">\n\t\t\t\t\t<div class=\"elementor-column elementor-col-100 elementor-top-column elementor-element elementor-element-795a467\" data-id=\"795a467\" data-element_type=\"column\">\n\t\t\t<div class=\"elementor-widget-wrap elementor-element-populated\">\n\t\t\t\t\t\t<div class=\"elementor-element elementor-element-68ba1f7 elementor-widget elementor-widget-text-editor\" data-id=\"68ba1f7\" data-element_type=\"widget\" data-widget_type=\"text-editor.default\">\n\t\t\t\t<div class=\"elementor-widget-container\">\n\t\t\t\t\t\t\t\t\t<p><span style=\"font-weight: 400;\">P\u0142ast &#8211; Ukrai\u0144ska Organizacja Skautowa w Polsce zrzesza ponad 200 cz\u0142onk\u00f3w w r\u00f3\u017cnym wieku. Jest cz\u0119\u015bci\u0105 \u015bwiatowej organizacji, kt\u00f3ra zrzesza ponad 10 tys. cz\u0142onk\u00f3w i jest reprezentowana w 18 krajach na wszystkich kontynentach.<\/span><\/p><p><span style=\"font-weight: 400;\">Organizacja zosta\u0142a za\u0142o\u017cona w 1911 roku, a swoj\u0105 aktywn\u0105 dzia\u0142alno\u015b\u0107 wznowi\u0142a w Polsce w 1989 roku.<\/span><\/p><p><span style=\"font-weight: 400;\">Celem organizacji jest wychowanie dobrego obywatela i lidera spo\u0142ecze\u0144stwa. Dzi\u015b stoimy przed wieloma wyzwaniami. Z racji tego, \u017ce Polska i Ukraina maj\u0105 wsp\u00f3ln\u0105 granic\u0119, wielu Ukrai\u0144c\u00f3w, w tym dzieci i m\u0142odzie\u017c, kt\u00f3re s\u0105 nasz\u0105 grup\u0105 docelow\u0105, emigrowa\u0142o tu i potrzebuj\u0105 r\u00f3\u017cnego rodzaju pomocy.<\/span><\/p><p><span style=\"font-weight: 400;\">Tego lata wsp\u00f3lnie z ZHR, ZHP i\u00a0<\/span>WAGGGS\u00a0<span style=\"font-weight: 400;\">oraz przy wsparciu UNICEF zorganizowali\u015bmy oko\u0142o 90 oboz\u00f3w dla prawie 2000 ukrai\u0144skich dzieci. Zach\u0119camy do \u015bledzenia aktualno\u015bci na naszej stronie na Facebooku &#8211; <a href=\"https:\/\/t.ly\/tC25\">tutaj<\/a>.<\/span><\/p><p><span style=\"font-weight: 400;\">R\u00f3wnie\u017c w Lublinie stworzyli\u015bmy Ukrai\u0144sk\u0105 Domiwk\u0119 \u2013 bezpieczn\u0105 przestrze\u0144 dla dzieci i rodzic\u00f3w z Ukrainy. Planujemy stworzenie sieci domiwek r\u00f3wnie\u017c w innych miastach Polski. Wi\u0119cej na ten temat <a href=\"https:\/\/t.ly\/dsIKc\">tutaj<\/a>.<\/span><\/p><p><span style=\"font-weight: 400;\">Kolejnym wa\u017cnym dla nas kierunkiem pracy by\u0142o niesienie pomocy humanitarnej najbardziej dotkni\u0119tym regionom Ukrainy oraz zaopatrzenie armii ukrai\u0144skiej w niezb\u0119dne wyposa\u017cenie i sprz\u0119t specjalistyczny. Wsp\u00f3lnie z ZHR i ZHP otworzyli\u015bmy punkty zbi\u00f3rki pomocy humanitarnej w 14 miejscowo\u015bciach. Tak\u017ce \u015bci\u015ble wsp\u00f3\u0142pracujemy z Support for Ukraine w Europie, wsp\u00f3lnie otworzyli\u015bmy du\u017cy magazyn i centrum logistyczne dla wysy\u0142ek na Ukrain\u0119.<\/span><\/p><p><span style=\"font-weight: 400;\">Sta\u0142e potrzeby pomocy humanitarnej: \u017cywno\u015b\u0107 z d\u0142ugim terminem przydatno\u015bci do spo\u017cycia, artyku\u0142y higieniczne dla doros\u0142ych i dzieci, podstawowe leki, paliwo na przew\u00f3z tych rzeczy oraz \u015brodki na wynajem magazynu.<\/span><\/p><p><span style=\"font-weight: 400;\">Aktualna nasza zbi\u00f3rka dla wojska \u2013 wyposa\u017cenie dla pilot\u00f3w 203 jednostki Si\u0142 Zbrojnych Ukrainy. Wi\u0119cej szczeg\u00f3\u0142\u00f3w <a href=\"https:\/\/fanimani.pl\/zbiorka\/zaopatrzenie-przyszlych-15-pilotow\/\">tutaj<\/a>.<\/span><\/p>\t\t\t\t\t\t\t\t<\/div>\n\t\t\t\t<\/div>\n\t\t\t\t\t<\/div>\n\t\t<\/div>\n\t\t\t\t\t<\/div>\n\t\t<\/section>\n\t\t\t\t<section class=\"elementor-section elementor-top-section elementor-element elementor-element-c37be1e elementor-section-boxed elementor-section-height-default elementor-section-height-default\" data-id=\"c37be1e\" data-element_type=\"section\">\n\t\t\t\t\t\t<div class=\"elementor-container elementor-column-gap-default\">\n\t\t\t\t\t<div class=\"elementor-column elementor-col-100 elementor-top-column elementor-element elementor-element-5b8eb2a\" data-id=\"5b8eb2a\" data-element_type=\"column\">\n\t\t\t<div class=\"elementor-widget-wrap elementor-element-populated\">\n\t\t\t\t\t\t<div class=\"elementor-element elementor-element-ff430ea elementor-widget elementor-widget-text-editor\" data-id=\"ff430ea\" data-element_type=\"widget\" data-widget_type=\"text-editor.default\">\n\t\t\t\t<div class=\"elementor-widget-container\">\n\t\t\t\t\t\t\t\t\t<p><\/p>\n<p><strong>Zarz\u0105d (Krajowa P\u0142astowa Starszyzna)<\/strong><\/p>\n<p> <\/p>\n<p>Przewodnicz\u0105cy Zarz\u0105du &#8211; p\u0142. sen. pr. Igor Mryczko, SM<\/p>\n<p> <\/p>\n<p>Wiceprzewodnicz\u0105cy Zarz\u0105du &#8211; st. p\u0142. Maksym Repetylo<\/p>\n<p> <\/p>\n<p>Sekretarz Zarz\u0105du &#8211; st. p\u0142. Hanna Melnyk, L<\/p>\n<p> <\/p>\n<p>Skarbnik &#8211; p\u0142. sen. dow. Pawe\u0142 Hrycyna, SM<\/p>\n<p> <\/p>\n<p>Cz\u0142onek Zarz\u0105du (Referent U\u0142adu P\u0142astun\u00f3w Ptaszat) &#8211; st. p\u0142. Yulia Sadova, Rt<\/p>\n<p> <\/p>\n<p>Cz\u0142onek Zarz\u0105du (Referent U\u0142adu P\u0142astun\u00f3w Nowak\u00f3w) &#8211; st. \u00a0p\u0142. Emilia Sokil<\/p>\n<p> <\/p>\n<p>Cz\u0142onek Zarz\u0105du (Referent U\u0142adu P\u0142astun\u00f3w Junak\u00f3w) &#8211; p\u0142. sen. pr. Nataliia Karabyn, Burh<\/p>\n<p>&#8211; referent sprawnosci UPJu &#8211; st. p\u0142. wirl. Uljana Savchenko<\/p>\n<p>&#8211; referent 3 proby &#8211; st. p\u0142. skob Stanislav Terletskyy, LCh<\/p>\n<p> <\/p>\n<p>Cz\u0142onek Zarz\u0105du (Referent U\u0142adu Starszych P\u0142astun\u00f3w i U\u0142adu P\u0142astun\u00f3w Senior\u00f3w) &#8211; st. p\u0142. wirl. Nataliia Kolesnyk, OD<\/p>\n<p> <\/p>\n<p><strong>Komisja Rewizyjna (Krajowa P\u0142astowa Rada)<\/strong><\/p>\n<p> <\/p>\n<p>Przewodnicz\u0105ca Komisji Rewizyjnej &#8211;\u00a0<span style=\"color: var( --e-global-color-text ); font-family: var( --e-global-typography-text-font-family ), Sans-serif; font-weight: var( --e-global-typography-text-font-weight ); font-size: 1rem;\">p\u0142. sen. pr. Khrystyna Chyr, L<\/span><\/p>\n<p>Czlonki:<\/p>\n<ul>\n<li>p\u0142. sen. dow. Nazar Yavorskyy, OCh<\/li>\n<li>p\u0142. sen. pr. Andriy Herasymenko, SM<\/li>\n<li>st. p\u0142. wirl. Olena Slobodyanyk, SzOK<\/li>\n<li>st. p\u0142. Olena Bodnar-Potopnyk, OD<span style=\"color: var( --e-global-color-text ); font-family: var( --e-global-typography-text-font-family ), Sans-serif; font-weight: var( --e-global-typography-text-font-weight ); font-size: 1rem;\"><br \/><\/span><\/li>\n<\/ul>\n<p><\/p>\t\t\t\t\t\t\t\t<\/div>\n\t\t\t\t<\/div>\n\t\t\t\t\t<\/div>\n\t\t<\/div>\n\t\t\t\t\t<\/div>\n\t\t<\/section>\n\t\t\t\t<\/div>\n\t\t","protected":false},"excerpt":{"rendered":"<p>P\u0142ast &#8211; Ukrai\u0144ska Organizacja Skautowa w Polsce zrzesza ponad 200 cz\u0142onk\u00f3w w r\u00f3\u017cnym wieku. Jest cz\u0119\u015bci\u0105 \u015bwiatowej organizacji, kt\u00f3ra zrzesza ponad 10 tys. cz\u0142onk\u00f3w i jest reprezentowana w 18 krajach na wszystkich kontynentach. Organizacja zosta\u0142a za\u0142o\u017cona w 1911 roku, a swoj\u0105 aktywn\u0105 dzia\u0142alno\u015b\u0107 wznowi\u0142a w Polsce w 1989 roku. Celem organizacji jest wychowanie dobrego obywatela [&hellip;]<\/p>\n","protected":false},"author":1,"featured_media":0,"parent":0,"menu_order":0,"comment_status":"closed","ping_status":"closed","template":"","meta":{"ngg_post_thumbnail":0,"footnotes":""},"class_list":["post-146","page","type-page","status-publish","hentry"],"rttpg_featured_image_url":null,"rttpg_author":{"display_name":"","author_link":"https:\/\/plast.org.pl\/pl\/author\/"},"rttpg_comment":0,"rttpg_category":null,"rttpg_excerpt":"P\u0142ast &#8211; Ukrai\u0144ska Organizacja Skautowa w Polsce zrzesza ponad 200 cz\u0142onk\u00f3w w r\u00f3\u017cnym wieku. Jest cz\u0119\u015bci\u0105 \u015bwiatowej organizacji, kt\u00f3ra zrzesza ponad 10 tys. cz\u0142onk\u00f3w i jest reprezentowana w 18 krajach na wszystkich kontynentach. Organizacja zosta\u0142a za\u0142o\u017cona w 1911 roku, a swoj\u0105 aktywn\u0105 dzia\u0142alno\u015b\u0107 wznowi\u0142a w Polsce w 1989 roku. Celem organizacji jest wychowanie dobrego obywatela&hellip;","_links":{"self":[{"href":"https:\/\/plast.org.pl\/pl\/wp-json\/wp\/v2\/pages\/146","targetHints":{"allow":["GET"]}}],"collection":[{"href":"https:\/\/plast.org.pl\/pl\/wp-json\/wp\/v2\/pages"}],"about":[{"href":"https:\/\/plast.org.pl\/pl\/wp-json\/wp\/v2\/types\/page"}],"author":[{"embeddable":true,"href":"https:\/\/plast.org.pl\/pl\/wp-json\/wp\/v2\/users\/1"}],"replies":[{"embeddable":true,"href":"https:\/\/plast.org.pl\/pl\/wp-json\/wp\/v2\/comments?post=146"}],"version-history":[{"count":19,"href":"https:\/\/plast.org.pl\/pl\/wp-json\/wp\/v2\/pages\/146\/revisions"}],"predecessor-version":[{"id":616,"href":"https:\/\/plast.org.pl\/pl\/wp-json\/wp\/v2\/pages\/146\/revisions\/616"}],"wp:attachment":[{"href":"https:\/\/plast.org.pl\/pl\/wp-json\/wp\/v2\/media?parent=146"}],"curies":[{"name":"wp","href":"https:\/\/api.w.org\/{rel}","templated":true}]}}