{"id":10,"date":"2022-07-10T18:34:24","date_gmt":"2022-07-10T16:34:24","guid":{"rendered":"https:\/\/plast.org.pl\/?page_id=10"},"modified":"2024-01-29T21:14:23","modified_gmt":"2024-01-29T20:14:23","slug":"main","status":"publish","type":"page","link":"https:\/\/plast.org.pl\/pl\/","title":{"rendered":"P\u0142ast \u2013 Ukrai\u0144ska Organizacja Skautowa w Polsce"},"content":{"rendered":"\t\t<div data-elementor-type=\"wp-page\" data-elementor-id=\"10\" class=\"elementor elementor-10\">\n\t\t\t\t\t\t<section class=\"elementor-section elementor-top-section elementor-element elementor-element-104de85 elementor-section-boxed elementor-section-height-default elementor-section-height-default\" data-id=\"104de85\" data-element_type=\"section\">\n\t\t\t\t\t\t<div class=\"elementor-container elementor-column-gap-default\">\n\t\t\t\t\t<div class=\"elementor-column elementor-col-100 elementor-top-column elementor-element elementor-element-d705fb4\" data-id=\"d705fb4\" data-element_type=\"column\">\n\t\t\t<div class=\"elementor-widget-wrap elementor-element-populated\">\n\t\t\t\t\t\t<section class=\"elementor-section elementor-inner-section elementor-element elementor-element-a14dfd1 elementor-section-boxed elementor-section-height-default elementor-section-height-default\" data-id=\"a14dfd1\" data-element_type=\"section\">\n\t\t\t\t\t\t<div class=\"elementor-container elementor-column-gap-default\">\n\t\t\t\t\t<div class=\"elementor-column elementor-col-20 elementor-inner-column elementor-element elementor-element-cf71f0d\" data-id=\"cf71f0d\" data-element_type=\"column\">\n\t\t\t<div class=\"elementor-widget-wrap elementor-element-populated\">\n\t\t\t\t\t\t<div class=\"elementor-element elementor-element-05aa618 elementor-button-info elementor-align-justify elementor-widget elementor-widget-button\" data-id=\"05aa618\" data-element_type=\"widget\" data-widget_type=\"button.default\">\n\t\t\t\t<div class=\"elementor-widget-container\">\n\t\t\t\t\t\t\t\t\t<div class=\"elementor-button-wrapper\">\n\t\t\t\t\t<a class=\"elementor-button elementor-button-link elementor-size-xl\" href=\"https:\/\/www.facebook.com\/plastpolshcha\/\">\n\t\t\t\t\t\t<span class=\"elementor-button-content-wrapper\">\n\t\t\t\t\t\t\t\t\t<span class=\"elementor-button-text\">Aktualno\u015bci<\/span>\n\t\t\t\t\t<\/span>\n\t\t\t\t\t<\/a>\n\t\t\t\t<\/div>\n\t\t\t\t\t\t\t\t<\/div>\n\t\t\t\t<\/div>\n\t\t\t\t\t<\/div>\n\t\t<\/div>\n\t\t\t\t<div class=\"elementor-column elementor-col-20 elementor-inner-column elementor-element elementor-element-e983330\" data-id=\"e983330\" data-element_type=\"column\">\n\t\t\t<div class=\"elementor-widget-wrap elementor-element-populated\">\n\t\t\t\t\t\t<div class=\"elementor-element elementor-element-185d717 elementor-button-info elementor-align-justify elementor-widget elementor-widget-button\" data-id=\"185d717\" data-element_type=\"widget\" data-widget_type=\"button.default\">\n\t\t\t\t<div class=\"elementor-widget-container\">\n\t\t\t\t\t\t\t\t\t<div class=\"elementor-button-wrapper\">\n\t\t\t\t\t<a class=\"elementor-button elementor-button-link elementor-size-xl\" href=\"https:\/\/plast.org.pl\/pl\/pro-nas\/\">\n\t\t\t\t\t\t<span class=\"elementor-button-content-wrapper\">\n\t\t\t\t\t\t\t\t\t<span class=\"elementor-button-text\">O nas<\/span>\n\t\t\t\t\t<\/span>\n\t\t\t\t\t<\/a>\n\t\t\t\t<\/div>\n\t\t\t\t\t\t\t\t<\/div>\n\t\t\t\t<\/div>\n\t\t\t\t\t<\/div>\n\t\t<\/div>\n\t\t\t\t<div class=\"elementor-column elementor-col-20 elementor-inner-column elementor-element elementor-element-47ecb52\" data-id=\"47ecb52\" data-element_type=\"column\">\n\t\t\t<div class=\"elementor-widget-wrap elementor-element-populated\">\n\t\t\t\t\t\t<div class=\"elementor-element elementor-element-53ac11e elementor-button-info elementor-align-justify elementor-widget elementor-widget-button\" data-id=\"53ac11e\" data-element_type=\"widget\" data-widget_type=\"button.default\">\n\t\t\t\t<div class=\"elementor-widget-container\">\n\t\t\t\t\t\t\t\t\t<div class=\"elementor-button-wrapper\">\n\t\t\t\t\t<a class=\"elementor-button elementor-button-link elementor-size-xl\" href=\"https:\/\/plast.org.pl\/pl\/dokumenty\/\">\n\t\t\t\t\t\t<span class=\"elementor-button-content-wrapper\">\n\t\t\t\t\t\t\t\t\t<span class=\"elementor-button-text\">Dokumenty<\/span>\n\t\t\t\t\t<\/span>\n\t\t\t\t\t<\/a>\n\t\t\t\t<\/div>\n\t\t\t\t\t\t\t\t<\/div>\n\t\t\t\t<\/div>\n\t\t\t\t\t<\/div>\n\t\t<\/div>\n\t\t\t\t<div class=\"elementor-column elementor-col-20 elementor-inner-column elementor-element elementor-element-684855d\" data-id=\"684855d\" data-element_type=\"column\">\n\t\t\t<div class=\"elementor-widget-wrap elementor-element-populated\">\n\t\t\t\t\t\t<div class=\"elementor-element elementor-element-b403ccd elementor-button-info elementor-align-justify elementor-widget elementor-widget-button\" data-id=\"b403ccd\" data-element_type=\"widget\" data-widget_type=\"button.default\">\n\t\t\t\t<div class=\"elementor-widget-container\">\n\t\t\t\t\t\t\t\t\t<div class=\"elementor-button-wrapper\">\n\t\t\t\t\t<a class=\"elementor-button elementor-button-link elementor-size-xl\" href=\"https:\/\/plast.org.pl\/pl\/contacts\">\n\t\t\t\t\t\t<span class=\"elementor-button-content-wrapper\">\n\t\t\t\t\t\t\t\t\t<span class=\"elementor-button-text\">Kontakty<\/span>\n\t\t\t\t\t<\/span>\n\t\t\t\t\t<\/a>\n\t\t\t\t<\/div>\n\t\t\t\t\t\t\t\t<\/div>\n\t\t\t\t<\/div>\n\t\t\t\t\t<\/div>\n\t\t<\/div>\n\t\t\t\t<div class=\"elementor-column elementor-col-20 elementor-inner-column elementor-element elementor-element-b0611ed\" data-id=\"b0611ed\" data-element_type=\"column\">\n\t\t\t<div class=\"elementor-widget-wrap elementor-element-populated\">\n\t\t\t\t\t\t<div class=\"elementor-element elementor-element-28a9c3d elementor-button-info elementor-align-justify elementor-widget elementor-widget-button\" data-id=\"28a9c3d\" data-element_type=\"widget\" data-widget_type=\"button.default\">\n\t\t\t\t<div class=\"elementor-widget-container\">\n\t\t\t\t\t\t\t\t\t<div class=\"elementor-button-wrapper\">\n\t\t\t\t\t<a class=\"elementor-button elementor-button-link elementor-size-xl\" href=\"https:\/\/plast.org.pl\/pl\/donate\/\">\n\t\t\t\t\t\t<span class=\"elementor-button-content-wrapper\">\n\t\t\t\t\t\t\t\t\t<span class=\"elementor-button-text\">Donate<\/span>\n\t\t\t\t\t<\/span>\n\t\t\t\t\t<\/a>\n\t\t\t\t<\/div>\n\t\t\t\t\t\t\t\t<\/div>\n\t\t\t\t<\/div>\n\t\t\t\t\t<\/div>\n\t\t<\/div>\n\t\t\t\t\t<\/div>\n\t\t<\/section>\n\t\t\t\t<div class=\"elementor-element elementor-element-a4c6884 elementor-widget elementor-widget-spacer\" data-id=\"a4c6884\" data-element_type=\"widget\" data-widget_type=\"spacer.default\">\n\t\t\t\t<div class=\"elementor-widget-container\">\n\t\t\t\t\t\t\t<div class=\"elementor-spacer\">\n\t\t\t<div class=\"elementor-spacer-inner\"><\/div>\n\t\t<\/div>\n\t\t\t\t\t\t<\/div>\n\t\t\t\t<\/div>\n\t\t\t\t\t<\/div>\n\t\t<\/div>\n\t\t\t\t\t<\/div>\n\t\t<\/section>\n\t\t\t\t<section class=\"elementor-section elementor-top-section elementor-element elementor-element-89cd3cd elementor-section-boxed elementor-section-height-default elementor-section-height-default\" data-id=\"89cd3cd\" data-element_type=\"section\">\n\t\t\t\t\t\t\t<div class=\"elementor-background-overlay\"><\/div>\n\t\t\t\t\t\t\t<div class=\"elementor-container elementor-column-gap-default\">\n\t\t\t\t\t<div class=\"elementor-column elementor-col-20 elementor-top-column elementor-element elementor-element-a519f9a\" data-id=\"a519f9a\" data-element_type=\"column\">\n\t\t\t<div class=\"elementor-widget-wrap elementor-element-populated\">\n\t\t\t\t\t\t<div class=\"elementor-element elementor-element-9cd7b77 elementor-widget elementor-widget-text-editor\" data-id=\"9cd7b77\" data-element_type=\"widget\" data-widget_type=\"text-editor.default\">\n\t\t\t\t<div class=\"elementor-widget-container\">\n\t\t\t\t\t\t\t\t\t<h3 style=\"text-align: center;\"><span style=\"color: #ffffff;\">Us\u0142ysz zew przygody!<\/span><\/h3>\t\t\t\t\t\t\t\t<\/div>\n\t\t\t\t<\/div>\n\t\t\t\t<div class=\"elementor-element elementor-element-0d5e507 elementor-widget elementor-widget-text-editor\" data-id=\"0d5e507\" data-element_type=\"widget\" data-widget_type=\"text-editor.default\">\n\t\t\t\t<div class=\"elementor-widget-container\">\n\t\t\t\t\t\t\t\t\t<p style=\"text-align: center;\">P\u0141AST JEST CIEKAWY W KA\u017bDYM WIEKU<\/p>\t\t\t\t\t\t\t\t<\/div>\n\t\t\t\t<\/div>\n\t\t\t\t\t<\/div>\n\t\t<\/div>\n\t\t\t\t<div class=\"elementor-column elementor-col-20 elementor-top-column elementor-element elementor-element-23bce9b\" data-id=\"23bce9b\" data-element_type=\"column\">\n\t\t\t<div class=\"elementor-widget-wrap elementor-element-populated\">\n\t\t\t\t\t\t<div class=\"elementor-element elementor-element-a9e4cea elementor-widget elementor-widget-e_image_hover_effects\" data-id=\"a9e4cea\" data-element_type=\"widget\" data-widget_type=\"e_image_hover_effects.default\">\n\t\t\t\t<div class=\"elementor-widget-container\">\n\t\t\t\t\t\t\t\t<div class=\"eihe-box eihe-fade eihe_\">\n\t\t\t\t<img fetchpriority=\"high\" decoding=\"async\" width=\"609\" height=\"609\" src=\"https:\/\/plast.org.pl\/pl\/wp-content\/uploads\/sites\/4\/2022\/07\/ptashata_50.png\" class=\"attachment-full size-full wp-image-34\" alt=\"\" srcset=\"https:\/\/plast.org.pl\/pl\/wp-content\/uploads\/sites\/4\/2022\/07\/ptashata_50.png 609w, https:\/\/plast.org.pl\/pl\/wp-content\/uploads\/sites\/4\/2022\/07\/ptashata_50-300x300.png 300w, https:\/\/plast.org.pl\/pl\/wp-content\/uploads\/sites\/4\/2022\/07\/ptashata_50-150x150.png 150w\" sizes=\"(max-width: 609px) 100vw, 609px\" \/>\t\t\t\t<div class=\"eihe-caption\">\n\t\t\t\t\t<div class=\"eihe-title-cover\">\n\t\t\t\t\t\t\t\t\t\t\t\t<h3 class=\"eihe-title\">2-6<\/h3>\n\t\t\t\t\t\t\t\t\t\t\t<\/div>\n\t\t\t\t\t<p>pozna\u0107 \u015bwiat<\/p>\n\t\t\t\t<\/div>\n\t\t\t<\/div>\n\t\t\t\t\t\t<\/div>\n\t\t\t\t<\/div>\n\t\t\t\t\t<\/div>\n\t\t<\/div>\n\t\t\t\t<div class=\"elementor-column elementor-col-20 elementor-top-column elementor-element elementor-element-6f3d669\" data-id=\"6f3d669\" data-element_type=\"column\">\n\t\t\t<div class=\"elementor-widget-wrap elementor-element-populated\">\n\t\t\t\t\t\t<div class=\"elementor-element elementor-element-cb93cb4 elementor-widget elementor-widget-e_image_hover_effects\" data-id=\"cb93cb4\" data-element_type=\"widget\" data-widget_type=\"e_image_hover_effects.default\">\n\t\t\t\t<div class=\"elementor-widget-container\">\n\t\t\t\t\t\t\t\t<div class=\"eihe-box eihe-fade-in-up eihe_\">\n\t\t\t\t<img decoding=\"async\" width=\"609\" height=\"609\" src=\"https:\/\/plast.org.pl\/pl\/wp-content\/uploads\/sites\/4\/2022\/07\/novatstvo_50.png\" class=\"attachment-full size-full wp-image-39\" alt=\"\" srcset=\"https:\/\/plast.org.pl\/pl\/wp-content\/uploads\/sites\/4\/2022\/07\/novatstvo_50.png 609w, https:\/\/plast.org.pl\/pl\/wp-content\/uploads\/sites\/4\/2022\/07\/novatstvo_50-300x300.png 300w, https:\/\/plast.org.pl\/pl\/wp-content\/uploads\/sites\/4\/2022\/07\/novatstvo_50-150x150.png 150w\" sizes=\"(max-width: 609px) 100vw, 609px\" \/>\t\t\t\t<div class=\"eihe-caption\">\n\t\t\t\t\t<div class=\"eihe-title-cover\">\n\t\t\t\t\t\t\t\t\t\t\t\t<p class=\"eihe-title\">7-11<\/p>\n\t\t\t\t\t\t\t\t\t\t\t<\/div>\n\t\t\t\t\t<p>wzrost w grze<\/p>\n\t\t\t\t<\/div>\n\t\t\t<\/div>\n\t\t\t\t\t\t<\/div>\n\t\t\t\t<\/div>\n\t\t\t\t\t<\/div>\n\t\t<\/div>\n\t\t\t\t<div class=\"elementor-column elementor-col-20 elementor-top-column elementor-element elementor-element-b2b024f\" data-id=\"b2b024f\" data-element_type=\"column\">\n\t\t\t<div class=\"elementor-widget-wrap elementor-element-populated\">\n\t\t\t\t\t\t<div class=\"elementor-element elementor-element-8bcc727 elementor-widget elementor-widget-e_image_hover_effects\" data-id=\"8bcc727\" data-element_type=\"widget\" data-widget_type=\"e_image_hover_effects.default\">\n\t\t\t\t<div class=\"elementor-widget-container\">\n\t\t\t\t\t\t\t\t<div class=\"eihe-box eihe-fade-in-up eihe_\">\n\t\t\t\t<img decoding=\"async\" width=\"609\" height=\"609\" src=\"https:\/\/plast.org.pl\/pl\/wp-content\/uploads\/sites\/4\/2022\/07\/yunatstvo_50.png\" class=\"attachment-full size-full wp-image-40\" alt=\"\" srcset=\"https:\/\/plast.org.pl\/pl\/wp-content\/uploads\/sites\/4\/2022\/07\/yunatstvo_50.png 609w, https:\/\/plast.org.pl\/pl\/wp-content\/uploads\/sites\/4\/2022\/07\/yunatstvo_50-300x300.png 300w, https:\/\/plast.org.pl\/pl\/wp-content\/uploads\/sites\/4\/2022\/07\/yunatstvo_50-150x150.png 150w\" sizes=\"(max-width: 609px) 100vw, 609px\" \/>\t\t\t\t<div class=\"eihe-caption\">\n\t\t\t\t\t<div class=\"eihe-title-cover\">\n\t\t\t\t\t\t\t\t\t\t\t\t<h3 class=\"eihe-title\">12-17<\/h3>\n\t\t\t\t\t\t\t\t\t\t\t<\/div>\n\t\t\t\t\t<p>przyjaciele i przygody<\/p>\n\t\t\t\t<\/div>\n\t\t\t<\/div>\n\t\t\t\t\t\t<\/div>\n\t\t\t\t<\/div>\n\t\t\t\t\t<\/div>\n\t\t<\/div>\n\t\t\t\t<div class=\"elementor-column elementor-col-20 elementor-top-column elementor-element elementor-element-930611c\" data-id=\"930611c\" data-element_type=\"column\">\n\t\t\t<div class=\"elementor-widget-wrap elementor-element-populated\">\n\t\t\t\t\t\t<div class=\"elementor-element elementor-element-791b529 elementor-widget elementor-widget-e_image_hover_effects\" data-id=\"791b529\" data-element_type=\"widget\" data-widget_type=\"e_image_hover_effects.default\">\n\t\t\t\t<div class=\"elementor-widget-container\">\n\t\t\t\t\t\t\t\t<div class=\"eihe-box eihe-fade-in-up eihe_\">\n\t\t\t\t<img loading=\"lazy\" decoding=\"async\" width=\"609\" height=\"609\" src=\"https:\/\/plast.org.pl\/pl\/wp-content\/uploads\/sites\/4\/2022\/07\/adults_50.png\" class=\"attachment-full size-full wp-image-38\" alt=\"\" srcset=\"https:\/\/plast.org.pl\/pl\/wp-content\/uploads\/sites\/4\/2022\/07\/adults_50.png 609w, https:\/\/plast.org.pl\/pl\/wp-content\/uploads\/sites\/4\/2022\/07\/adults_50-300x300.png 300w, https:\/\/plast.org.pl\/pl\/wp-content\/uploads\/sites\/4\/2022\/07\/adults_50-150x150.png 150w\" sizes=\"(max-width: 609px) 100vw, 609px\" \/>\t\t\t\t<div class=\"eihe-caption\">\n\t\t\t\t\t<div class=\"eihe-title-cover\">\n\t\t\t\t\t\t\t\t\t\t\t\t<h3 class=\"eihe-title\">18+<\/h3>\n\t\t\t\t\t\t\t\t\t\t\t<\/div>\n\t\t\t\t\t<p>wolontariat i rozw\u00f3j<\/p>\n\t\t\t\t<\/div>\n\t\t\t<\/div>\n\t\t\t\t\t\t<\/div>\n\t\t\t\t<\/div>\n\t\t\t\t\t<\/div>\n\t\t<\/div>\n\t\t\t\t\t<\/div>\n\t\t<\/section>\n\t\t\t\t<\/div>\n\t\t","protected":false},"excerpt":{"rendered":"<p>Aktualno\u015bci O nas Dokumenty Kontakty Donate Us\u0142ysz zew przygody! P\u0141AST JEST CIEKAWY W KA\u017bDYM WIEKU 2-6 pozna\u0107 \u015bwiat 7-11 wzrost w grze 12-17 przyjaciele i przygody 18+ wolontariat i rozw\u00f3j<\/p>\n","protected":false},"author":1,"featured_media":0,"parent":0,"menu_order":0,"comment_status":"closed","ping_status":"closed","template":"","meta":{"ngg_post_thumbnail":0,"footnotes":""},"class_list":["post-10","page","type-page","status-publish","hentry"],"rttpg_featured_image_url":null,"rttpg_author":{"display_name":"","author_link":"https:\/\/plast.org.pl\/pl\/author\/"},"rttpg_comment":0,"rttpg_category":null,"rttpg_excerpt":"Aktualno\u015bci O nas Dokumenty Kontakty Donate Us\u0142ysz zew przygody! P\u0141AST JEST CIEKAWY W KA\u017bDYM WIEKU 2-6 pozna\u0107 \u015bwiat 7-11 wzrost w grze 12-17 przyjaciele i przygody 18+ wolontariat i rozw\u00f3j","_links":{"self":[{"href":"https:\/\/plast.org.pl\/pl\/wp-json\/wp\/v2\/pages\/10","targetHints":{"allow":["GET"]}}],"collection":[{"href":"https:\/\/plast.org.pl\/pl\/wp-json\/wp\/v2\/pages"}],"about":[{"href":"https:\/\/plast.org.pl\/pl\/wp-json\/wp\/v2\/types\/page"}],"author":[{"embeddable":true,"href":"https:\/\/plast.org.pl\/pl\/wp-json\/wp\/v2\/users\/1"}],"replies":[{"embeddable":true,"href":"https:\/\/plast.org.pl\/pl\/wp-json\/wp\/v2\/comments?post=10"}],"version-history":[{"count":37,"href":"https:\/\/plast.org.pl\/pl\/wp-json\/wp\/v2\/pages\/10\/revisions"}],"predecessor-version":[{"id":488,"href":"https:\/\/plast.org.pl\/pl\/wp-json\/wp\/v2\/pages\/10\/revisions\/488"}],"wp:attachment":[{"href":"https:\/\/plast.org.pl\/pl\/wp-json\/wp\/v2\/media?parent=10"}],"curies":[{"name":"wp","href":"https:\/\/api.w.org\/{rel}","templated":true}]}}